{"id":3355,"date":"2023-09-21T13:52:17","date_gmt":"2023-09-21T13:52:17","guid":{"rendered":"https:\/\/www.emrehotels.com\/?page_id=3355"},"modified":"2025-11-19T10:53:49","modified_gmt":"2025-11-19T10:53:49","slug":"surdurulebilirlik","status":"publish","type":"page","link":"https:\/\/www.emrehotels.com\/tr\/surdurulebilirlik\/","title":{"rendered":"S\u00fcrd\u00fcr\u00fclebilirlik"},"content":{"rendered":"<p><div class=\"fusion-fullwidth fullwidth-box fusion-builder-row-1 fusion-flex-container has-pattern-background has-mask-background nonhundred-percent-fullwidth non-hundred-percent-height-scrolling\" style=\"--awb-border-radius-top-left:0px;--awb-border-radius-top-right:0px;--awb-border-radius-bottom-right:0px;--awb-border-radius-bottom-left:0px;--awb-flex-wrap:wrap;\" ><div class=\"fusion-builder-row fusion-row fusion-flex-align-items-flex-start fusion-flex-content-wrap\" style=\"max-width:104%;margin-left: calc(-4% \/ 2 );margin-right: calc(-4% \/ 2 );\"><div class=\"fusion-layout-column fusion_builder_column fusion-builder-column-0 fusion_builder_column_1_1 1_1 fusion-flex-column\" style=\"--awb-bg-size:cover;--awb-width-large:100%;--awb-margin-top-large:0px;--awb-spacing-right-large:1.92%;--awb-margin-bottom-large:20px;--awb-spacing-left-large:1.92%;--awb-width-medium:100%;--awb-order-medium:0;--awb-spacing-right-medium:1.92%;--awb-spacing-left-medium:1.92%;--awb-width-small:100%;--awb-order-small:0;--awb-spacing-right-small:1.92%;--awb-spacing-left-small:1.92%;\"><div class=\"fusion-column-wrapper fusion-column-has-shadow fusion-flex-justify-content-flex-start fusion-content-layout-column\"><div class=\"fusion-text fusion-text-1\"><p><strong>EMRE HOTELS S\u00dcRD\u00dcR\u00dcLEB\u0130L\u0130RL\u0130K MESAJI<\/strong><\/p>\n<p>Emre Hotels olarak turizmde s\u00fcrd\u00fcr\u00fclebilirlik \u00e7al\u0131\u015fmalar\u0131n\u0131n \u00e7evresel ve k\u00fclt\u00fcrel miras \u00fczerindeki olumsuz etkileri en aza indirdi\u011finin ve s\u00fcrd\u00fcr\u00fclebilir turizmin getirdi\u011fi sorumluluklar\u0131n bilincindeyiz.<\/p>\n<p>Gelecek Nesiller i\u00e7in daha iyi bir d\u00fcnya b\u0131rakmaya \u00e7al\u0131\u015f\u0131yoruz. Bu do\u011frultuda \u00e7evresel etkilerin azalt\u0131lmas\u0131, enerji, su ve at\u0131k y\u00f6netimi, k\u00fclt\u00fcrel ve sosyal miras\u0131n korunmas\u0131, yerel halka ekonomik ve sosyal olarak fayda sa\u011flama ve \u00e7evreyi koruma gibi s\u00fcrd\u00fcr\u00fclebilirlik kavram\u0131 i\u00e7inde yer alan bir\u00e7ok konuda \u00e7al\u0131\u015fmalar\u0131m\u0131za devam etmekteyiz.<\/p>\n<p>\u0130klim de\u011fi\u015fikli\u011finin ve k\u00fcresel \u0131s\u0131nman\u0131n \u00f6neminin her ge\u00e7en g\u00fcn daha \u00e7ok hissedildi\u011fi g\u00fcn\u00fcm\u00fcz d\u00fcnyas\u0131nda \u00fczerimize d\u00fc\u015fen sorumlulu\u011fu en iyi \u015fekilde yerine getirmeyi ama\u00e7 edinmekte, \u00e7evre bilincinin \u00e7al\u0131\u015fanlar\u0131m\u0131z taraf\u0131ndan benimsenmesi i\u00e7in \u00e7aba g\u00f6stermekteyiz.<\/p>\n<p>S\u00fcrd\u00fcr\u00fclebilirlik risklerinin etkin bi\u00e7imde y\u00f6netilmesi ve s\u00fcrd\u00fcr\u00fclebilir b\u00fcy\u00fcmenin uzun vadeli stratejilerle sa\u011flanmas\u0131na odaklanarak ba\u015far\u0131m\u0131z\u0131 her ge\u00e7en g\u00fcn artt\u0131rmay\u0131 hedeflemekteyiz.<\/p>\n<p>2023 y\u0131l\u0131 raporumuz tesisimiz hakk\u0131nda genel bilgileri ve s\u00fcrd\u00fcr\u00fclebilirlik \u00e7al\u0131\u015fmalar\u0131m\u0131z\u0131 i\u00e7ermektedir.<\/p>\n<p><a href=\"https:\/\/www.emrehotels.com\/wp-content\/uploads\/2025\/11\/SustainabilityReport-EmreBeachHotel-2025-2026_TR.pdf\">S\u00fcrd\u00fcr\u00fclebilirlik Raporu: Emre Beach 2025-2026 (T\u00fcrk\u00e7e) <i class=\"fb-icon-element-1 fb-icon-element fontawesome-icon fa-file-pdf fas circle-yes fusion-text-flow\" style=\"--awb-iconcolor:#ff3535;--awb-circlecolor:#ffffff;--awb-circlebordercolor:#ffffff;--awb-circlebordersize:1px;--awb-font-size:19.36px;--awb-width:38.72px;--awb-height:38.72px;--awb-line-height:36.72px;--awb-margin-right:11px;\"><\/i><\/a><br \/>\n<a href=\"https:\/\/www.emrehotels.com\/wp-content\/uploads\/2025\/11\/SustainabilityReport-EmreBeachHotel-2025-2026_EN.pdf\">S\u00fcrd\u00fcr\u00fclebilirlik Raporu: Emre Beach 2025-2026 (\u0130ngilizce) <i class=\"fb-icon-element-2 fb-icon-element fontawesome-icon fa-file-pdf fas circle-yes fusion-text-flow\" style=\"--awb-iconcolor:#ff3535;--awb-circlecolor:#ffffff;--awb-circlebordercolor:#ffffff;--awb-circlebordersize:1px;--awb-font-size:19.36px;--awb-width:38.72px;--awb-height:38.72px;--awb-line-height:36.72px;--awb-margin-right:11px;\"><\/i><\/a><br \/>\n<a href=\"https:\/\/www.emrehotels.com\/wp-content\/uploads\/2025\/08\/SustainabilityReport-EmreHotel-2024-2025_TR.pdf\">S\u00fcrd\u00fcr\u00fclebilirlik Raporu: Emre Otel <i class=\"fb-icon-element-3 fb-icon-element fontawesome-icon fa-file-pdf fas circle-yes fusion-text-flow\" style=\"--awb-iconcolor:#ff3535;--awb-circlecolor:#ffffff;--awb-circlebordercolor:#ffffff;--awb-circlebordersize:1px;--awb-font-size:19.36px;--awb-width:38.72px;--awb-height:38.72px;--awb-line-height:36.72px;--awb-margin-right:11px;\"><\/i><\/a><br \/>\n<a href=\"https:\/\/www.emrehotels.com\/wp-content\/uploads\/2023\/09\/Entegre-Polikamiz.pdf\">Entegre Polikam\u0131z <i class=\"fb-icon-element-4 fb-icon-element fontawesome-icon fa-file-pdf fas circle-yes fusion-text-flow\" style=\"--awb-iconcolor:#ff3535;--awb-circlecolor:#ffffff;--awb-circlebordercolor:#ffffff;--awb-circlebordersize:1px;--awb-font-size:19.36px;--awb-width:38.72px;--awb-height:38.72px;--awb-line-height:36.72px;--awb-margin-right:11px;\"><\/i><\/a><br \/>\n<a href=\"https:\/\/www.emrehotels.com\/wp-content\/uploads\/2025\/06\/Avlak-Haritasi.pdf\">Avlak Haritas\u0131 <i class=\"fb-icon-element-5 fb-icon-element fontawesome-icon fa-file-pdf fas circle-yes fusion-text-flow\" style=\"--awb-iconcolor:#ff3535;--awb-circlecolor:#ffffff;--awb-circlebordercolor:#ffffff;--awb-circlebordersize:1px;--awb-font-size:19.36px;--awb-width:38.72px;--awb-height:38.72px;--awb-line-height:36.72px;--awb-margin-right:11px;\"><\/i><\/a><\/p>\n<p><strong>POL\u0130T\u0130KALAR<\/strong><\/p>\n<p><a href=\"https:\/\/www.emrehotels.com\/wp-content\/uploads\/2025\/08\/Calisma-ve-Insan-Haklari-Politikasi.pdf\">\u00c7al\u0131\u015fma ve \u0130nsan Haklar\u0131 Politikas\u0131 <i class=\"fb-icon-element-6 fb-icon-element fontawesome-icon fa-file-pdf fas circle-yes fusion-text-flow\" style=\"--awb-iconcolor:#ff3535;--awb-circlecolor:#ffffff;--awb-circlebordercolor:#ffffff;--awb-circlebordersize:1px;--awb-font-size:19.36px;--awb-width:38.72px;--awb-height:38.72px;--awb-line-height:36.72px;--awb-margin-right:11px;\"><\/i><\/a><br \/>\n<a href=\"https:\/\/www.emrehotels.com\/wp-content\/uploads\/2025\/08\/Cevre-Politikasi.pdf\">\u00c7evre Politikas\u0131 <i class=\"fb-icon-element-7 fb-icon-element fontawesome-icon fa-file-pdf fas circle-yes fusion-text-flow\" style=\"--awb-iconcolor:#ff3535;--awb-circlecolor:#ffffff;--awb-circlebordercolor:#ffffff;--awb-circlebordersize:1px;--awb-font-size:19.36px;--awb-width:38.72px;--awb-height:38.72px;--awb-line-height:36.72px;--awb-margin-right:11px;\"><\/i><\/a><br \/>\n<a href=\"https:\/\/www.emrehotels.com\/wp-content\/uploads\/2025\/08\/Entegre-Politikamiz.pdf\">Entegre Politikam\u0131z <i class=\"fb-icon-element-8 fb-icon-element fontawesome-icon fa-file-pdf fas circle-yes fusion-text-flow\" style=\"--awb-iconcolor:#ff3535;--awb-circlecolor:#ffffff;--awb-circlebordercolor:#ffffff;--awb-circlebordersize:1px;--awb-font-size:19.36px;--awb-width:38.72px;--awb-height:38.72px;--awb-line-height:36.72px;--awb-margin-right:11px;\"><\/i><\/a><br \/>\n<a href=\"https:\/\/www.emrehotels.com\/wp-content\/uploads\/2025\/08\/Gida-Atiklari-Azaltma-Politikasi.pdf\">G\u0131da At\u0131klar\u0131 Azaltma Politikas\u0131 <i class=\"fb-icon-element-9 fb-icon-element fontawesome-icon fa-file-pdf fas circle-yes fusion-text-flow\" style=\"--awb-iconcolor:#ff3535;--awb-circlecolor:#ffffff;--awb-circlebordercolor:#ffffff;--awb-circlebordersize:1px;--awb-font-size:19.36px;--awb-width:38.72px;--awb-height:38.72px;--awb-line-height:36.72px;--awb-margin-right:11px;\"><\/i><\/a><br \/>\n<a href=\"https:\/\/www.emrehotels.com\/wp-content\/uploads\/2025\/08\/Is-Sagligi-ve-Guvenligi-Politikasi.pdf\">\u0130\u015f Sa\u011fl\u0131\u011f\u0131 ve G\u00fcvenli\u011fi Politikas\u0131 <i class=\"fb-icon-element-10 fb-icon-element fontawesome-icon fa-file-pdf fas circle-yes fusion-text-flow\" style=\"--awb-iconcolor:#ff3535;--awb-circlecolor:#ffffff;--awb-circlebordercolor:#ffffff;--awb-circlebordersize:1px;--awb-font-size:19.36px;--awb-width:38.72px;--awb-height:38.72px;--awb-line-height:36.72px;--awb-margin-right:11px;\"><\/i><\/a><br \/>\n<a href=\"https:\/\/www.emrehotels.com\/wp-content\/uploads\/2025\/08\/Kadina-Siddet-ve-Cocuk-Koruma-Politikasi.pdf\">Kad\u0131na \u015eiddet ve \u00c7ocuk Koruma Politikas\u0131 <i class=\"fb-icon-element-11 fb-icon-element fontawesome-icon fa-file-pdf fas circle-yes fusion-text-flow\" style=\"--awb-iconcolor:#ff3535;--awb-circlecolor:#ffffff;--awb-circlebordercolor:#ffffff;--awb-circlebordersize:1px;--awb-font-size:19.36px;--awb-width:38.72px;--awb-height:38.72px;--awb-line-height:36.72px;--awb-margin-right:11px;\"><\/i><\/a><br \/>\n<a href=\"https:\/\/www.emrehotels.com\/wp-content\/uploads\/2025\/08\/Kalite-ve-Gida-Guvenligi-Politikasi.pdf\">Kalite ve G\u0131da G\u00fcvenli\u011fi Politikas\u0131 <i class=\"fb-icon-element-12 fb-icon-element fontawesome-icon fa-file-pdf fas circle-yes fusion-text-flow\" style=\"--awb-iconcolor:#ff3535;--awb-circlecolor:#ffffff;--awb-circlebordercolor:#ffffff;--awb-circlebordersize:1px;--awb-font-size:19.36px;--awb-width:38.72px;--awb-height:38.72px;--awb-line-height:36.72px;--awb-margin-right:11px;\"><\/i><\/a><br \/>\n<a href=\"https:\/\/www.emrehotels.com\/wp-content\/uploads\/2025\/08\/Kulturel-Miras.pdf\">K\u00fclt\u00fcrel Miras <i class=\"fb-icon-element-13 fb-icon-element fontawesome-icon fa-file-pdf fas circle-yes fusion-text-flow\" style=\"--awb-iconcolor:#ff3535;--awb-circlecolor:#ffffff;--awb-circlebordercolor:#ffffff;--awb-circlebordersize:1px;--awb-font-size:19.36px;--awb-width:38.72px;--awb-height:38.72px;--awb-line-height:36.72px;--awb-margin-right:11px;\"><\/i><\/a><br \/>\n<a href=\"https:\/\/www.emrehotels.com\/wp-content\/uploads\/2025\/08\/Kulturel-Miras-ve-Davranis-Kurallari.pdf\">Ku\u0308ltu\u0308rel Miras ve Davran\u0131s\u0327 Kurallar\u0131 <i class=\"fb-icon-element-14 fb-icon-element fontawesome-icon fa-file-pdf fas circle-yes fusion-text-flow\" style=\"--awb-iconcolor:#ff3535;--awb-circlecolor:#ffffff;--awb-circlebordercolor:#ffffff;--awb-circlebordersize:1px;--awb-font-size:19.36px;--awb-width:38.72px;--awb-height:38.72px;--awb-line-height:36.72px;--awb-margin-right:11px;\"><\/i><\/a><br \/>\n<a href=\"https:\/\/www.emrehotels.com\/wp-content\/uploads\/2025\/08\/Satin-alma-politikasi.pdf\">Sat\u0131n Alma Politikas\u0131 <i class=\"fb-icon-element-15 fb-icon-element fontawesome-icon fa-file-pdf fas circle-yes fusion-text-flow\" style=\"--awb-iconcolor:#ff3535;--awb-circlecolor:#ffffff;--awb-circlebordercolor:#ffffff;--awb-circlebordersize:1px;--awb-font-size:19.36px;--awb-width:38.72px;--awb-height:38.72px;--awb-line-height:36.72px;--awb-margin-right:11px;\"><\/i><\/a><br \/>\n<a href=\"https:\/\/www.emrehotels.com\/wp-content\/uploads\/2025\/08\/Surdurulebilirlik-Politikasi.pdf\">S\u00fcrd\u00fcr\u00fclebilirlik Politikas\u0131 <i class=\"fb-icon-element-16 fb-icon-element fontawesome-icon fa-file-pdf fas circle-yes fusion-text-flow\" style=\"--awb-iconcolor:#ff3535;--awb-circlecolor:#ffffff;--awb-circlebordercolor:#ffffff;--awb-circlebordersize:1px;--awb-font-size:19.36px;--awb-width:38.72px;--awb-height:38.72px;--awb-line-height:36.72px;--awb-margin-right:11px;\"><\/i><\/a><br \/>\n<a href=\"https:\/\/www.emrehotels.com\/wp-content\/uploads\/2025\/08\/Topluluk-Katilimi-Politikasi.pdf\">Topluluk Kat\u0131l\u0131m\u0131 Politikas\u0131 <i class=\"fb-icon-element-17 fb-icon-element fontawesome-icon fa-file-pdf fas circle-yes fusion-text-flow\" style=\"--awb-iconcolor:#ff3535;--awb-circlecolor:#ffffff;--awb-circlebordercolor:#ffffff;--awb-circlebordersize:1px;--awb-font-size:19.36px;--awb-width:38.72px;--awb-height:38.72px;--awb-line-height:36.72px;--awb-margin-right:11px;\"><\/i><\/a><\/p>\n<\/div><\/div><\/div><\/div><\/div><div class=\"fusion-fullwidth fullwidth-box fusion-builder-row-2 fusion-flex-container has-pattern-background has-mask-background nonhundred-percent-fullwidth non-hundred-percent-height-scrolling\" style=\"--awb-border-radius-top-left:0px;--awb-border-radius-top-right:0px;--awb-border-radius-bottom-right:0px;--awb-border-radius-bottom-left:0px;--awb-flex-wrap:wrap;\" ><div class=\"fusion-builder-row fusion-row fusion-flex-align-items-flex-start fusion-flex-content-wrap\" style=\"max-width:104%;margin-left: calc(-4% \/ 2 );margin-right: calc(-4% \/ 2 );\"><div class=\"fusion-layout-column fusion_builder_column fusion-builder-column-1 fusion_builder_column_1_2 1_2 fusion-flex-column\" style=\"--awb-bg-size:cover;--awb-width-large:50%;--awb-margin-top-large:0px;--awb-spacing-right-large:3.84%;--awb-margin-bottom-large:20px;--awb-spacing-left-large:3.84%;--awb-width-medium:100%;--awb-order-medium:0;--awb-spacing-right-medium:1.92%;--awb-spacing-left-medium:1.92%;--awb-width-small:100%;--awb-order-small:0;--awb-spacing-right-small:1.92%;--awb-spacing-left-small:1.92%;\"><div class=\"fusion-column-wrapper fusion-column-has-shadow fusion-flex-justify-content-flex-start fusion-content-layout-column\"><div class=\"fusion-text fusion-text-2\"><p><strong>ER\u0130\u015e\u0130LEB\u0130L\u0130RL\u0130K (Emre Beach Hotel)<\/strong><\/p>\n<\/div><div class=\"fusion-image-carousel fusion-image-carousel-fixed fusion-image-carousel-1 fusion-carousel-border\"><div class=\"awb-carousel awb-swiper awb-swiper-carousel awb-carousel--carousel awb-swiper-dots-position-bottom\" data-layout=\"carousel\" data-autoplay=\"no\" data-autoplayspeed=\"20000\" data-autoplaypause=\"no\" data-columns=\"3\" data-columnsmedium=\"1\" data-columnssmall=\"1\" data-itemmargin=\"13\" data-itemwidth=\"180\" data-touchscroll=\"no\" data-freemode=\"no\" data-imagesize=\"fixed\" data-scrollitems=\"0\" data-centeredslides=\"no\" data-rotationangle=\"50\" data-depth=\"100\" data-speed=\"500\" data-shadow=\"no\" data-pagination=\"bullets\" style=\"--awb-columns:3;--awb-border-width:1px;--awb-border-color:#e9eaee;--awb-dots-align:center;\"><div class=\"swiper-wrapper awb-image-carousel-wrapper fusion-flex-align-items-flex-start\"><div class=\"swiper-slide\"><div class=\"fusion-carousel-item-wrapper\"><div class=\"fusion-image-wrapper hover-type-none\"><img decoding=\"async\" width=\"460\" height=\"295\" src=\"https:\/\/www.emrehotels.com\/wp-content\/uploads\/2025\/11\/emrebeach_10-460x295.jpg\" class=\"attachment-portfolio-two size-portfolio-two\" alt=\"\" \/><\/div><\/div><\/div><div class=\"swiper-slide\"><div class=\"fusion-carousel-item-wrapper\"><div class=\"fusion-image-wrapper hover-type-none\"><img decoding=\"async\" width=\"460\" height=\"295\" src=\"https:\/\/www.emrehotels.com\/wp-content\/uploads\/2025\/11\/emrebeach_09-460x295.jpg\" class=\"attachment-portfolio-two size-portfolio-two\" alt=\"\" \/><\/div><\/div><\/div><div class=\"swiper-slide\"><div class=\"fusion-carousel-item-wrapper\"><div class=\"fusion-image-wrapper hover-type-none\"><img decoding=\"async\" width=\"460\" height=\"295\" src=\"https:\/\/www.emrehotels.com\/wp-content\/uploads\/2025\/11\/emrebeach_08-460x295.jpg\" class=\"attachment-portfolio-two size-portfolio-two\" alt=\"\" \/><\/div><\/div><\/div><div class=\"swiper-slide\"><div class=\"fusion-carousel-item-wrapper\"><div class=\"fusion-image-wrapper hover-type-none\"><img decoding=\"async\" width=\"460\" height=\"295\" src=\"https:\/\/www.emrehotels.com\/wp-content\/uploads\/2025\/11\/emrebeach_07-460x295.jpg\" class=\"attachment-portfolio-two size-portfolio-two\" alt=\"\" \/><\/div><\/div><\/div><div class=\"swiper-slide\"><div class=\"fusion-carousel-item-wrapper\"><div class=\"fusion-image-wrapper hover-type-none\"><img decoding=\"async\" width=\"460\" height=\"295\" src=\"https:\/\/www.emrehotels.com\/wp-content\/uploads\/2025\/11\/emrebeach_06-460x295.jpg\" class=\"attachment-portfolio-two size-portfolio-two\" alt=\"\" \/><\/div><\/div><\/div><div class=\"swiper-slide\"><div class=\"fusion-carousel-item-wrapper\"><div class=\"fusion-image-wrapper hover-type-none\"><img decoding=\"async\" width=\"460\" height=\"295\" src=\"https:\/\/www.emrehotels.com\/wp-content\/uploads\/2025\/11\/emrebeach_05-460x295.jpg\" class=\"attachment-portfolio-two size-portfolio-two\" alt=\"\" \/><\/div><\/div><\/div><div class=\"swiper-slide\"><div class=\"fusion-carousel-item-wrapper\"><div class=\"fusion-image-wrapper hover-type-none\"><img decoding=\"async\" width=\"460\" height=\"295\" src=\"https:\/\/www.emrehotels.com\/wp-content\/uploads\/2025\/11\/emrebeach_04-460x295.jpg\" class=\"attachment-portfolio-two size-portfolio-two\" alt=\"\" \/><\/div><\/div><\/div><div class=\"swiper-slide\"><div class=\"fusion-carousel-item-wrapper\"><div class=\"fusion-image-wrapper hover-type-none\"><img decoding=\"async\" width=\"460\" height=\"295\" src=\"https:\/\/www.emrehotels.com\/wp-content\/uploads\/2025\/11\/emrebeach_03-460x295.jpg\" class=\"attachment-portfolio-two size-portfolio-two\" alt=\"\" \/><\/div><\/div><\/div><div class=\"swiper-slide\"><div class=\"fusion-carousel-item-wrapper\"><div class=\"fusion-image-wrapper hover-type-none\"><img decoding=\"async\" width=\"460\" height=\"295\" src=\"https:\/\/www.emrehotels.com\/wp-content\/uploads\/2025\/11\/emrebeach_02-460x295.jpg\" class=\"attachment-portfolio-two size-portfolio-two\" alt=\"\" \/><\/div><\/div><\/div><div class=\"swiper-slide\"><div class=\"fusion-carousel-item-wrapper\"><div class=\"fusion-image-wrapper hover-type-none\"><img decoding=\"async\" width=\"460\" height=\"295\" src=\"https:\/\/www.emrehotels.com\/wp-content\/uploads\/2025\/11\/emrebeach_01-460x295.jpg\" class=\"attachment-portfolio-two size-portfolio-two\" alt=\"\" \/><\/div><\/div><\/div><\/div><div class=\"awb-swiper-button awb-swiper-button-prev\"><i class=\"awb-icon-angle-left\" aria-hidden=\"true\"><\/i><\/div><div class=\"awb-swiper-button awb-swiper-button-next\"><i class=\"awb-icon-angle-right\" aria-hidden=\"true\"><\/i><\/div><\/div><\/div><div class=\"fusion-text fusion-text-3\"><p><strong>ER\u0130\u015e\u0130LEB\u0130L\u0130RL\u0130K (Emre Hotel)<\/strong><\/p>\n<\/div><div class=\"fusion-image-carousel fusion-image-carousel-fixed fusion-image-carousel-2 fusion-carousel-border\"><div class=\"awb-carousel awb-swiper awb-swiper-carousel awb-carousel--carousel awb-swiper-dots-position-bottom\" data-layout=\"carousel\" data-autoplay=\"no\" data-autoplayspeed=\"20000\" data-autoplaypause=\"no\" data-columns=\"3\" data-columnsmedium=\"1\" data-columnssmall=\"1\" data-itemmargin=\"13\" data-itemwidth=\"180\" data-touchscroll=\"no\" data-freemode=\"no\" data-imagesize=\"fixed\" data-scrollitems=\"0\" data-centeredslides=\"no\" data-rotationangle=\"50\" data-depth=\"100\" data-speed=\"500\" data-shadow=\"no\" data-pagination=\"bullets\" style=\"--awb-columns:3;--awb-border-width:1px;--awb-border-color:#e9eaee;--awb-dots-align:center;\"><div class=\"swiper-wrapper awb-image-carousel-wrapper fusion-flex-align-items-flex-start\"><div class=\"swiper-slide\"><div class=\"fusion-carousel-item-wrapper\"><div class=\"fusion-image-wrapper hover-type-none\"><img decoding=\"async\" width=\"460\" height=\"295\" src=\"https:\/\/www.emrehotels.com\/wp-content\/uploads\/2025\/11\/emrehotel_01-460x295.jpg\" class=\"attachment-portfolio-two size-portfolio-two\" alt=\"\" \/><\/div><\/div><\/div><div class=\"swiper-slide\"><div class=\"fusion-carousel-item-wrapper\"><div class=\"fusion-image-wrapper hover-type-none\"><img decoding=\"async\" width=\"460\" height=\"295\" src=\"https:\/\/www.emrehotels.com\/wp-content\/uploads\/2025\/11\/emrehotel_02-460x295.jpg\" class=\"attachment-portfolio-two size-portfolio-two\" alt=\"\" \/><\/div><\/div><\/div><div class=\"swiper-slide\"><div class=\"fusion-carousel-item-wrapper\"><div class=\"fusion-image-wrapper hover-type-none\"><img decoding=\"async\" width=\"460\" height=\"295\" src=\"https:\/\/www.emrehotels.com\/wp-content\/uploads\/2025\/11\/emrehotel_03-460x295.jpg\" class=\"attachment-portfolio-two size-portfolio-two\" alt=\"\" \/><\/div><\/div><\/div><div class=\"swiper-slide\"><div class=\"fusion-carousel-item-wrapper\"><div class=\"fusion-image-wrapper hover-type-none\"><img decoding=\"async\" width=\"460\" height=\"295\" src=\"https:\/\/www.emrehotels.com\/wp-content\/uploads\/2025\/11\/emrehotel_04-460x295.jpg\" class=\"attachment-portfolio-two size-portfolio-two\" alt=\"\" \/><\/div><\/div><\/div><div class=\"swiper-slide\"><div class=\"fusion-carousel-item-wrapper\"><div class=\"fusion-image-wrapper hover-type-none\"><img decoding=\"async\" width=\"460\" height=\"295\" src=\"https:\/\/www.emrehotels.com\/wp-content\/uploads\/2025\/11\/emrehotel_05-460x295.jpg\" class=\"attachment-portfolio-two size-portfolio-two\" alt=\"\" \/><\/div><\/div><\/div><\/div><div class=\"awb-swiper-button awb-swiper-button-prev\"><i class=\"awb-icon-angle-left\" aria-hidden=\"true\"><\/i><\/div><div class=\"awb-swiper-button awb-swiper-button-next\"><i class=\"awb-icon-angle-right\" aria-hidden=\"true\"><\/i><\/div><\/div><\/div><\/div><\/div><div class=\"fusion-layout-column fusion_builder_column fusion-builder-column-2 fusion_builder_column_1_2 1_2 fusion-flex-column\" style=\"--awb-bg-size:cover;--awb-width-large:50%;--awb-margin-top-large:0px;--awb-spacing-right-large:3.84%;--awb-margin-bottom-large:20px;--awb-spacing-left-large:3.84%;--awb-width-medium:100%;--awb-order-medium:0;--awb-spacing-right-medium:1.92%;--awb-spacing-left-medium:1.92%;--awb-width-small:100%;--awb-order-small:0;--awb-spacing-right-small:1.92%;--awb-spacing-left-small:1.92%;\"><div class=\"fusion-column-wrapper fusion-column-has-shadow fusion-flex-justify-content-flex-start fusion-content-layout-column\"><\/div><\/div><\/div><\/div><\/p>\n","protected":false},"excerpt":{"rendered":"","protected":false},"author":1,"featured_media":0,"parent":0,"menu_order":0,"comment_status":"closed","ping_status":"closed","template":"","meta":{"footnotes":""},"class_list":["post-3355","page","type-page","status-publish","hentry"],"_links":{"self":[{"href":"https:\/\/www.emrehotels.com\/tr\/wp-json\/wp\/v2\/pages\/3355","targetHints":{"allow":["GET"]}}],"collection":[{"href":"https:\/\/www.emrehotels.com\/tr\/wp-json\/wp\/v2\/pages"}],"about":[{"href":"https:\/\/www.emrehotels.com\/tr\/wp-json\/wp\/v2\/types\/page"}],"author":[{"embeddable":true,"href":"https:\/\/www.emrehotels.com\/tr\/wp-json\/wp\/v2\/users\/1"}],"replies":[{"embeddable":true,"href":"https:\/\/www.emrehotels.com\/tr\/wp-json\/wp\/v2\/comments?post=3355"}],"version-history":[{"count":39,"href":"https:\/\/www.emrehotels.com\/tr\/wp-json\/wp\/v2\/pages\/3355\/revisions"}],"predecessor-version":[{"id":3645,"href":"https:\/\/www.emrehotels.com\/tr\/wp-json\/wp\/v2\/pages\/3355\/revisions\/3645"}],"wp:attachment":[{"href":"https:\/\/www.emrehotels.com\/tr\/wp-json\/wp\/v2\/media?parent=3355"}],"curies":[{"name":"wp","href":"https:\/\/api.w.org\/{rel}","templated":true}]}}