{"id":2813,"date":"2020-12-26T13:16:25","date_gmt":"2020-12-26T13:16:25","guid":{"rendered":"http:\/\/www.emrehotels.com\/cctv\/"},"modified":"2020-12-26T13:27:44","modified_gmt":"2020-12-26T13:27:44","slug":"cctv","status":"publish","type":"page","link":"https:\/\/www.emrehotels.com\/tr\/cctv\/","title":{"rendered":"cctv"},"content":{"rendered":"<div class=\"fusion-fullwidth fullwidth-box fusion-builder-row-1 fusion-flex-container nonhundred-percent-fullwidth non-hundred-percent-height-scrolling\" style=\"--awb-border-radius-top-left:0px;--awb-border-radius-top-right:0px;--awb-border-radius-bottom-right:0px;--awb-border-radius-bottom-left:0px;--awb-padding-right-small:10px;--awb-padding-left-small:10px;--awb-flex-wrap:wrap;\" ><div class=\"fusion-builder-row fusion-row fusion-flex-align-items-flex-start fusion-flex-content-wrap\" style=\"max-width:104%;margin-left: calc(-4% \/ 2 );margin-right: calc(-4% \/ 2 );\"><div class=\"fusion-layout-column fusion_builder_column fusion-builder-column-0 fusion_builder_column_1_1 1_1 fusion-flex-column\" style=\"--awb-bg-size:cover;--awb-width-large:100%;--awb-margin-top-large:0px;--awb-spacing-right-large:1.92%;--awb-margin-bottom-large:20px;--awb-spacing-left-large:1.92%;--awb-width-medium:100%;--awb-order-medium:0;--awb-spacing-right-medium:1.92%;--awb-spacing-left-medium:1.92%;--awb-width-small:100%;--awb-order-small:0;--awb-spacing-right-small:1.92%;--awb-spacing-left-small:1.92%;\"><div class=\"fusion-column-wrapper fusion-column-has-shadow fusion-flex-justify-content-flex-start fusion-content-layout-column\"><div class=\"fusion-text fusion-text-1\"><p><strong>K\u0130\u015e\u0130SEL VER\u0130LER\u0130N KORUNMASI KAPSAMINDA KAPALI DEVRE KAMERA KAYIT S\u0130STEMLER\u0130 (\u201cCCTV\u201d) AYDINLATMA METN\u0130<\/strong><\/p>\n<p>6698 say\u0131l\u0131 Ki\u015fisel Verilerin Korunmas\u0131 Kanunu (\u201cKanun\u201d) uyar\u0131nca g\u00f6rsel ve i\u015fitsel kay\u0131t ki\u015fisel verileriniz, veri sorumlusu olarak Emre \u0130n\u015faat Turizm Sanayi ve Ticaret A.\u015e. (\u201c<strong>Emre Hotels<\/strong>\u201d) taraf\u0131ndan a\u015fa\u011f\u0131da a\u00e7\u0131klanan kapsamda i\u015flenmektedir.<\/p>\n<p>S\u00f6z konusu ki\u015fisel verileriniz; fiziksel mekan g\u00fcvenli\u011finin temini (Emre Hotels&#8217;e ait binalar\u0131n g\u00fcvenli\u011finin sa\u011flanmas\u0131 ama\u00e7lar\u0131 dahilinde, Emre Hotels\u2019te \u00e7al\u0131\u015fanlar\u0131n, m\u00fc\u015fterilerin, ziyaret\u00e7ilerin ve demirba\u015f\u0131n g\u00fcvenli\u011finin sa\u011flanmas\u0131 ve korunmas\u0131na yard\u0131mc\u0131 olmak ve olas\u0131 hukuka ayk\u0131r\u0131l\u0131klar\u0131n tespiti ve delillerinin elde edilmesi), denetim ve etik faaliyetlerinin y\u00fcr\u00fct\u00fclmesi(m\u00fc\u015fterilerimizin ve i\u015f ili\u015fkisi i\u00e7erisinde oldu\u011fumuz ilgili ki\u015filerin hukuki, teknik ve ticari-i\u015f denetim ve g\u00fcvenli\u011finin temin edilmesi) acil durum y\u00f6netimi s\u00fcre\u00e7lerinin y\u00fcr\u00fct\u00fclmesi ama\u00e7lar\u0131 kapsam\u0131nda i\u015flenmektedir.<\/p>\n<p>Bu ama\u00e7lar\u0131n ger\u00e7ekle\u015ftirilmesi kapsam\u0131nda i\u015flenen ki\u015fisel verileriniz, yurt i\u00e7inde, yukar\u0131da say\u0131lan ama\u00e7lar do\u011frultusunda; yetkili kamu kurum ve kurulu\u015flar\u0131na, hizmet sa\u011flay\u0131c\u0131lar\u0131m\u0131za (hukuki, mali, denetim) ve Emre Hotels ad\u0131na ki\u015fisel veri i\u015fleyen hizmet sa\u011flay\u0131c\u0131lar\u0131na aktar\u0131labilmektedir. S\u00f6z konusu ki\u015fisel verileriniz, yurt d\u0131\u015f\u0131na aktar\u0131lmamaktad\u0131r.<\/p>\n<p>\u0130\u015fbu ki\u015fisel veriler, fiziksel mekan g\u00fcvenli\u011fini sa\u011flamak amac\u0131yla kapal\u0131 devre kamera kay\u0131t sistemleri arac\u0131l\u0131\u011f\u0131yla elektronik ortamda toplanmakta olup Kanun\u2019un 5. Maddesine uygun olarak, ilgili ki\u015finin temel hak ve \u00f6zg\u00fcrl\u00fcklerine zarar vermemek kayd\u0131yla, Emre Hotels\u2019in me\u015fru menfaatleri i\u00e7in i\u015flenmektedir.<\/p>\n<p>Kanun\u2019un 11. maddesi h\u00fck\u00fcmleri uyar\u0131nca ki\u015fisel verilerinize ili\u015fki olarak a\u015fa\u011f\u0131daki haklara sahip oldu\u011funuzu belirtmek isteriz;<\/p>\n<ul>\n<li>Ki\u015fisel veri i\u015flenip i\u015flenmedi\u011fini \u00f6\u011frenme,<\/li>\n<li>Ki\u015fisel verileri i\u015flenmi\u015fse buna ili\u015fkin bilgi talep etme,<\/li>\n<li>Ki\u015fisel verilerin i\u015flenme amac\u0131n\u0131 ve bunlar\u0131n amac\u0131na uygun kullan\u0131l\u0131p kullan\u0131lmad\u0131\u011f\u0131n\u0131 \u00f6\u011frenme,<\/li>\n<li>Yurt i\u00e7inde veya yurt d\u0131\u015f\u0131nda ki\u015fisel verilerin aktar\u0131ld\u0131\u011f\u0131 \u00fc\u00e7\u00fcnc\u00fc ki\u015fileri bilme,<\/li>\n<li>Ki\u015fisel verilerin eksik veya yanl\u0131\u015f i\u015flenmi\u015f olmas\u0131 h\u00e2linde bunlar\u0131n d\u00fczeltilmesini isteme,<\/li>\n<li>Ki\u015fisel verilerin silinmesini veya yok edilmesini isteme,<\/li>\n<li>Ki\u015fisel verilerin d\u00fczeltilmesi, silinmesi ya da yok edilmesi halinde bu i\u015flemlerin ki\u015fisel verilerin aktar\u0131ld\u0131\u011f\u0131 \u00fc\u00e7\u00fcnc\u00fc ki\u015filere bildirilmesini isteme,<\/li>\n<li>\u0130\u015flenen verilerin m\u00fcnhas\u0131ran otomatik sistemler vas\u0131tas\u0131yla analiz edilmesi suretiyle ki\u015finin kendisi aleyhine bir sonucun ortaya \u00e7\u0131kmas\u0131na itiraz etme,<\/li>\n<li>Ki\u015fisel verilerin kanuna ayk\u0131r\u0131 olarak i\u015flenmesi sebebiyle zarara u\u011framas\u0131 h\u00e2linde zarar\u0131n giderilmesini talep etme.<\/li>\n<\/ul>\n<p>Yukar\u0131da belirtilen haklar\u0131n\u0131za y\u00f6nelik taleplerinizi web sitemizde bulunan \u201cKVKK Kapsam\u0131nda Ba\u015fvuru Formuna \u0130li\u015fkin Bilgilendirme\u201d metnini okuyarak, metin i\u00e7inde belirtilmi\u015f olan yollardan biri arac\u0131l\u0131\u011f\u0131yla iletebilirsiniz.<\/p>\n<p>Ba\u015fvurunuz Emre Hotels taraf\u0131ndan incelenecek ve KVK Kanunu ve Tebli\u011f h\u00fck\u00fcmleri kapsam\u0131nda ba\u015fvurunuzun taraf\u0131m\u0131za ula\u015ft\u0131\u011f\u0131 tarihten itibaren otuz g\u00fcn i\u00e7erisinde yan\u0131tland\u0131r\u0131lacak, yan\u0131t yaz\u0131l\u0131 olarak veya elektronik ortamda taraf\u0131n\u0131za iletilecektir. Yap\u0131lan ba\u015fvurular kapsam\u0131nda, Emre Hotels kural olarak herhangi bir \u00fccret talep etmemekle birlikte, i\u015flemin ayr\u0131ca bir maliyet gerektirmesi durumunda Kurul taraf\u0131ndan belirlenen \u00fccretler al\u0131nabilecektir.<\/p>\n<\/div><\/div><\/div><\/div><\/div>\n","protected":false},"excerpt":{"rendered":"","protected":false},"author":1,"featured_media":0,"parent":0,"menu_order":0,"comment_status":"closed","ping_status":"closed","template":"","meta":{"footnotes":""},"class_list":["post-2813","page","type-page","status-publish","hentry"],"_links":{"self":[{"href":"https:\/\/www.emrehotels.com\/tr\/wp-json\/wp\/v2\/pages\/2813","targetHints":{"allow":["GET"]}}],"collection":[{"href":"https:\/\/www.emrehotels.com\/tr\/wp-json\/wp\/v2\/pages"}],"about":[{"href":"https:\/\/www.emrehotels.com\/tr\/wp-json\/wp\/v2\/types\/page"}],"author":[{"embeddable":true,"href":"https:\/\/www.emrehotels.com\/tr\/wp-json\/wp\/v2\/users\/1"}],"replies":[{"embeddable":true,"href":"https:\/\/www.emrehotels.com\/tr\/wp-json\/wp\/v2\/comments?post=2813"}],"version-history":[{"count":2,"href":"https:\/\/www.emrehotels.com\/tr\/wp-json\/wp\/v2\/pages\/2813\/revisions"}],"predecessor-version":[{"id":2816,"href":"https:\/\/www.emrehotels.com\/tr\/wp-json\/wp\/v2\/pages\/2813\/revisions\/2816"}],"wp:attachment":[{"href":"https:\/\/www.emrehotels.com\/tr\/wp-json\/wp\/v2\/media?parent=2813"}],"curies":[{"name":"wp","href":"https:\/\/api.w.org\/{rel}","templated":true}]}}