{"id":2381,"date":"2020-12-23T21:12:19","date_gmt":"2020-12-23T21:12:19","guid":{"rendered":"http:\/\/www.emrehotels.com\/kovid-19\/"},"modified":"2020-12-29T11:48:21","modified_gmt":"2020-12-29T11:48:21","slug":"kovid-19","status":"publish","type":"page","link":"https:\/\/www.emrehotels.com\/tr\/kovid-19\/","title":{"rendered":"kovid-19"},"content":{"rendered":"<p><div class=\"fusion-fullwidth fullwidth-box fusion-builder-row-1 fusion-flex-container nonhundred-percent-fullwidth non-hundred-percent-height-scrolling fusion-no-medium-visibility fusion-no-large-visibility\" style=\"--awb-border-radius-top-left:0px;--awb-border-radius-top-right:0px;--awb-border-radius-bottom-right:0px;--awb-border-radius-bottom-left:0px;--awb-padding-right:10px;--awb-padding-left:10px;--awb-flex-wrap:wrap;\" ><div class=\"fusion-builder-row fusion-row fusion-flex-align-items-flex-start fusion-flex-content-wrap\" style=\"max-width:104%;margin-left: calc(-4% \/ 2 );margin-right: calc(-4% \/ 2 );\"><div class=\"fusion-layout-column fusion_builder_column fusion-builder-column-0 fusion_builder_column_1_1 1_1 fusion-flex-column\" style=\"--awb-bg-size:cover;--awb-width-large:100%;--awb-margin-top-large:0px;--awb-spacing-right-large:1.92%;--awb-margin-bottom-large:20px;--awb-spacing-left-large:1.92%;--awb-width-medium:100%;--awb-order-medium:0;--awb-spacing-right-medium:1.92%;--awb-spacing-left-medium:1.92%;--awb-width-small:100%;--awb-order-small:0;--awb-spacing-right-small:1.92%;--awb-spacing-left-small:1.92%;\"><div class=\"fusion-column-wrapper fusion-column-has-shadow fusion-flex-justify-content-flex-start fusion-content-layout-column\"><div class=\"fusion-video fusion-youtube\" style=\"--awb-max-width:600px;--awb-max-height:360px;--awb-align-self:flex-start;--awb-width:100%;\"><div class=\"video-shortcode\"><div class=\"fluid-width-video-wrapper\" style=\"padding-top:60%;\" ><iframe title=\"YouTube video player 1\" src=\"https:\/\/www.youtube.com\/embed\/jsvk5rHPrHI?wmode=transparent&autoplay=0\" width=\"600\" height=\"360\" allowfullscreen allow=\"autoplay; clipboard-write; encrypted-media; gyroscope; picture-in-picture;\"><\/iframe><\/div><\/div><\/div><\/div><\/div><\/div><\/div><div class=\"fusion-fullwidth fullwidth-box fusion-builder-row-2 fusion-flex-container nonhundred-percent-fullwidth non-hundred-percent-height-scrolling\" style=\"--awb-background-position:left top;--awb-border-sizes-top:0px;--awb-border-sizes-bottom:0px;--awb-border-sizes-left:0px;--awb-border-sizes-right:0px;--awb-border-radius-top-left:0px;--awb-border-radius-top-right:0px;--awb-border-radius-bottom-right:0px;--awb-border-radius-bottom-left:0px;--awb-padding-top:0px;--awb-padding-bottom:0px;--awb-padding-right-small:10px;--awb-padding-left-small:10px;--awb-margin-bottom:50px;--awb-flex-wrap:wrap;\" ><div class=\"fusion-builder-row fusion-row fusion-flex-align-items-flex-start fusion-flex-content-wrap\" style=\"max-width:104%;margin-left: calc(-4% \/ 2 );margin-right: calc(-4% \/ 2 );\"><div class=\"fusion-layout-column fusion_builder_column fusion-builder-column-1 fusion_builder_column_1_2 1_2 fusion-flex-column fusion-flex-align-self-flex-start fusion-column-no-min-height\" style=\"--awb-bg-size:cover;--awb-width-large:50%;--awb-margin-top-large:0px;--awb-spacing-right-large:3.84%;--awb-margin-bottom-large:0px;--awb-spacing-left-large:3.84%;--awb-width-medium:100%;--awb-spacing-right-medium:1.92%;--awb-spacing-left-medium:1.92%;--awb-width-small:100%;--awb-spacing-right-small:1.92%;--awb-spacing-left-small:1.92%;\"><div class=\"fusion-column-wrapper fusion-flex-justify-content-flex-start fusion-content-layout-column\"><div class=\"fusion-text fusion-text-1\" style=\"--awb-font-size:16px;--awb-line-height:1;\"><p><strong>EMRE HOTELS COV\u0131D-19 TESIS I\u00c7I ve TESIS DI\u015eI ALINAN \u00d6NLEM ve UYGULAMALAR<\/strong><\/p>\n<p><strong>PERSONEL<br \/>\n<\/strong>&#8211; B\u00fct\u00fcn personele covid-19\u2019a \u00f6zel hijyen e\u011fitimleri verilecektir, 2 y\u0131lda bir e\u011fitim yenilenecektir.<br \/>\n&#8211; Y\u00f6netim dahil b\u00fct\u00fcn otel \u00e7al\u0131\u015fanlar\u0131 otel a\u00e7\u0131lmadan \u00f6nce testten ge\u00e7irilecektir.<br \/>\n&#8211; \u00c7al\u0131\u015fan Sa\u011fl\u0131\u011f\u0131 kontrollerinin COVID -19 bulgular\u0131na y\u00f6nelik d\u00fczenlenmesi ve s\u00fcrekli izlenmesi.<br \/>\n&#8211; D\u0131\u015far\u0131dan gelen personelin otele giri\u015finde sa\u011fl\u0131k personeli kontrol\u00fcnden ge\u00e7irilmesi sa\u011flanacakt\u0131r.<br \/>\n&#8211; Personelin ate\u015f \u00f6l\u00e7\u00fcm\u00fc g\u00fcnde iki kere \u00f6l\u00e7\u00fclecek ve kay\u0131t alt\u0131na al\u0131nacakt\u0131r.<br \/>\n&#8211; Personelin maske, eldiven gibi koruyucu \u00f6nlemleri almas\u0131 sa\u011flanacak, misafirlerimize hizmet bu \u015fekilde yap\u0131lacakt\u0131r.<br \/>\n&#8211; Personel \u00fcniformalar\u0131 g\u00fcnl\u00fck temizlenecek ve standart \u00f6l\u00e7\u00fc derecesinde y\u0131kanacakt\u0131r.<br \/>\n&#8211; Personel yemek saatleri b\u00f6l\u00fcmlere g\u00f6re ayr\u0131lacak ve personelin temas etti\u011fi her yer ve temas alanlar\u0131 s\u00fcrekli dezenfekte edilecektir.<br \/>\n&#8211; Dinlenme alanlar\u0131 sosyal mesafeyi koruyacak \u015fekilde tasarlanacakt\u0131r.<br \/>\n&#8211; Personel servis ara\u00e7lar\u0131 g\u00fcn sonu dezenfekte edilecektir.<br \/>\n&#8211; Personel Lojman alanlar\u0131 Ozon ve ULV makineleri ile dezenfekte edilecektir.<br \/>\n&#8211; Genel M\u00fcd\u00fcrl\u00fc\u011fe ba\u011fl\u0131 Covid-19 tak\u0131p departman\u0131 kurulacakt\u0131r.<\/p>\n<p><strong>OTELE G\u0130R\u0130\u015e<\/strong><br \/>\n&#8211; Misafirlerin otele giri\u015f kap\u0131s\u0131nda ate\u015fleri \u00f6l\u00e7\u00fclecek ve kay\u0131t alt\u0131na al\u0131nacakt\u0131r, 37 derecenin \u00fczerinde olanlar bir sa\u011fl\u0131k kurulu\u015funa y\u00f6nlendirilecektir.<br \/>\n&#8211; Misafirlere giri\u015f esnas\u0131nda eldiven, maske da\u011f\u0131t\u0131m\u0131 sa\u011flanacakt\u0131r.<br \/>\n&#8211; Misafirlere giri\u015f esnas\u0131nda bilgilendirme el k\u0131tap\u00e7\u0131\u011f\u0131 da\u011f\u0131t\u0131lacakt\u0131r( Yapmalar\u0131n\u0131 istediklerimiz hakk\u0131nda ).<br \/>\n&#8211; Misafir yan\u0131nda getirmi\u015f oldu\u011fu \u00e7anta,bavul vs. sa\u011fl\u0131k personelimiz taraf\u0131ndan dezenfekte edilip tesise al\u0131m\u0131 ger\u00e7ekle\u015ftirilecektir.<br \/>\n&#8211; Misafir sa\u011fl\u0131\u011f\u0131n\u0131n s\u00fcrekli izlenmesi ve hastal\u0131klar\u0131n kontrol\u00fcne ili\u015fkin d\u00fczenlemeler yap\u0131lacakt\u0131r.<\/p>\n<p><strong>RESEPS\u0130YON<br \/>\n<\/strong>&#8211; Resepsiyon masalar\u0131 ve mobilyalar\u0131 belirli aral\u0131klarla (2-3 saatte bir) dezenfekte edilecektir.<br \/>\n&#8211; Sosyal mesafe kural\u0131na uygun i\u015faretlemeler yap\u0131lacakt\u0131r.Misafirlerin giri\u015f i\u015flemleri bu \u015fekilde yap\u0131lacakt\u0131r.<br \/>\n&#8211; Kap\u0131 anahtarlar\u0131 ve kartlar\u0131 dezenfekte edilip teslim edilecektir.<\/p>\n<p><strong>ORTAK ALANLAR<\/strong><br \/>\n&#8211; Ortak alanlarda el dezenfektan noktalar\u0131 olu\u015fturulacakt\u0131r.<br \/>\n&#8211; Oturma alanlar\u0131 sosyal mesafeyi korumaya uygun \u015fekilde konumland\u0131r\u0131lacakt\u0131r.<br \/>\n&#8211; Asans\u00f6rler g\u00fcnl\u00fck dezenfekte i\u015fleminden ge\u00e7icektir.<br \/>\n&#8211; B\u00fct\u00fcn zeminler uygun kimyasallarla dezenfekte edilecektir.<br \/>\n&#8211; Sosyal mesafe kural\u0131na uygun i\u015faretlemeler yap\u0131lacakt\u0131r.<br \/>\n&#8211; Misafirlerin dokundu\u011fu ( kap\u0131 kollar\u0131, \u00e7atal b\u0131\u00e7ak vs) dezenfekte edilecek ve etiketleme sistemi yap\u0131lacakt\u0131r.<br \/>\n&#8211; Haftada 2 kere Ozon ve ULV makineleri ile dezenfekte edilecektir.<br \/>\n&#8211; Sezlong mesafeleri ayarlacak, g\u00fcn sonu b\u00fct\u00fcn \u015fezlonglar dezenfekte i\u015flemlerinden ge\u00e7icektir.<br \/>\n&#8211; Ana Restaurant masa d\u00fczeni al\u0131nacak ve dezenfektan i\u015flemi ( masa, \u00e7atal-b\u0131\u00e7ak ) her bir misafir kullan\u0131m\u0131 \u00f6ncesi sa\u011flanacakt\u0131r.<br \/>\n&#8211; Servis ve sunumu maskeli eldivenli personel yap\u0131cakt\u0131r.<br \/>\n&#8211; Animasyon g\u00f6sterisi, misafirlerimizin sa\u011fl\u0131\u011f\u0131n\u0131 koruma a\u00e7\u0131s\u0131ndan ger\u00e7ekle\u015ftirilmeyecektir.<\/p>\n<p><strong>ODALAR<\/strong><br \/>\n&#8211; Temas noktalar\u0131 olan kap\u0131 ve pencere kollar\u0131, elektrik d\u00fc\u011fmeleri, klima ve tv kumandalar\u0131, telefon, sa\u00e7 kurutma makinesi, dolap kapaklar\u0131, mobilyalar, bazalar bu amaca uygun kimyasallarla dezenfekte edilecektir.<br \/>\n&#8211; En \u00e7ok el ve y\u00fcz temas\u0131n\u0131n oldu\u011fu banyo armat\u00fcr, du\u015f ba\u015fl\u0131\u011f\u0131, musluk gibi b\u00fct\u00fcn alanlar i\u00e7in kontrol listeleri olacak, temizli\u011fi yapan personelin ismi ve temizlik saati kay\u0131t alt\u0131na al\u0131nacakt\u0131r.<br \/>\n&#8211; Temizlik Personeli maske ve eldiven ile oda temizli\u011fini ger\u00e7ekle\u015ftirecektir.<br \/>\n&#8211; Odalarda DND (L\u00fctfen rahats\u0131z etmeyin) sistemi kald\u0131r\u0131lacak ve b\u00fct\u00fcn odalar\u0131n temizli\u011fi ve dezenfektan i\u015flemleri g\u00fcnl\u00fck yap\u0131lacakt\u0131r.<br \/>\n&#8211; Oda temizli\u011fi Ozon ve ULV makineleri ile dezenfekte edilecektir.<br \/>\n&#8211; Oda Tekstil \u00fcr\u00fcnleri 90 derece y\u0131kan\u0131lacak ve Misafire bilgilendirme formu da\u011f\u0131t\u0131lacakt\u0131r.<br \/>\n&#8211; Odalar da kullan\u0131lan s\u00fcs yast\u0131k ve yatak runnerlar\u0131 kullan\u0131lmayacakt\u0131r.<\/p>\n<p><strong>YEME-\u0130\u00c7ME<\/strong><br \/>\n&#8211; Yemeklerin m\u00fcmk\u00fcn oldu\u011funca a\u00e7\u0131k havada yenebilmesi sa\u011flanacakt\u0131r.<br \/>\n&#8211; Her masa i\u00e7in sosyal mesafe d\u00fczeni \u015fartlar\u0131na g\u00f6re alan ayr\u0131lacakt\u0131r.<br \/>\n&#8211; Masa ba\u015f\u0131na sandalye say\u0131s\u0131 d\u00f6rd\u00fc ge\u00e7meyecektir.<br \/>\n&#8211; A\u00e7\u0131k b\u00fcfe sistemlerde, b\u00fcfeler aras\u0131 mesafeler belirlenecek \u015fekilde bekleme alanlar\u0131 olu\u015fturulacakt\u0131r.<br \/>\n&#8211; Tabaklar ve servis maske ve eldivenli bir personel taraf\u0131ndan verilecektir.<br \/>\n&#8211; Pe\u00e7ete ve \u00e7atal ka\u015f\u0131klar muhafazal\u0131 bir \u015fekilde masaya servis edilecektir.<br \/>\n&#8211; M\u00fcmk\u00fcn oldu\u011funca \u00e7i\u011f g\u0131dalar yerine pi\u015fmi\u015f g\u0131dalar tercih edilecektir.<br \/>\n&#8211; Masa ve sandalyeler ile\u00a0\u00a0\u00e7ocuk sandalyeleri her kullan\u0131mdan sonra dezenfekte i\u015fleminden ge\u00e7irilecektir.<br \/>\n&#8211; Tesis d\u0131\u015f\u0131nda g\u0131da t\u00fcketimi konular\u0131nda bilgilendirme d\u00fczenlemeleri.<br \/>\n&#8211; Ba\u011f\u0131\u015f\u0131kl\u0131k sistemini destekleyici g\u0131da ve i\u00e7ecek sunumlar\u0131 ger\u00e7ekle\u015ftirilecektir.<\/p>\n<p><strong>MUTFAK<\/strong><br \/>\n&#8211; Ba\u015fta zemin olmak \u00fczere anti bakteriyel y\u00fczeyler ve mutfak malzemeleri 2 saatte 1 dezenfekte i\u015fleminden ge\u00e7irilecektir.<br \/>\n&#8211; \u00c7al\u0131\u015fanlar\u0131n b\u00f6l\u00fcmler aras\u0131 giri\u015f \u00e7\u0131k\u0131\u015f i\u015flemleri kay\u0131t alt\u0131na al\u0131nacakt\u0131r.<br \/>\n&#8211; Mutfa\u011fa gelen her g\u0131da \u00fcr\u00fcn\u00fc, g\u0131da ile temasa uygun kimyasallar ile dezenfekte edilecek ve kay\u0131t alt\u0131na al\u0131nacakt\u0131r.<br \/>\n&#8211; \u00d6zellikle sebze y\u0131kama ve et \u00e7\u00f6zd\u00fcrme sistemleri gerekli hijyen ko\u015fullar\u0131n\u0131 sa\u011flanacakt\u0131r.<br \/>\n&#8211; Mutfak ekipmanlar\u0131n\u0131n sterilizasyon s\u0131kl\u0131\u011f\u0131 art\u0131r\u0131lacak, otoklav kullan\u0131lacakt\u0131r.<br \/>\n&#8211; Mutfak giri\u015f ve \u00e7\u0131k\u0131\u015flar\u0131na hijyen havuzlar\u0131 konulacakt\u0131r.<br \/>\n&#8211; Swab ve numune alma i\u015flemleri her \u00f6\u011f\u00fcn i\u00e7in ayr\u0131 ayr\u0131 yap\u0131lacakt\u0131r.<br \/>\n&#8211; G\u0131da haz\u0131rlama ve \u00fcretim alanlar\u0131nda ( yiyecek \u2013 \u0130\u00e7ecek ) al\u0131nacak ek iyi hijyen uygulamalar\u0131 ve iyi \u00fcretim uygulamalar\u0131na y\u00f6nelik d\u00fczenlemeler(GHP, GMP )<\/p>\n<p><strong>SATINALMA VE DEPOLAMA<\/strong><br \/>\n&#8211; Sat\u0131n al\u0131nan malzemeler rafl\u0131 depolama sistemleriyle tarihlere g\u00f6re ayr\u0131lacakt\u0131r.<br \/>\n&#8211; Sevk \u00f6nce dezenfeksiyon i\u015flemleri yap\u0131lacak ve kay\u0131t alt\u0131na al\u0131nacakt\u0131r.<br \/>\n&#8211; F\u0130FO (ilk giren ilk \u00e7\u0131kar) prensibiyle ilgili departmanlara sevk edilecekt\u0131r.<br \/>\n&#8211; Tedarik\u00e7ilerin otelin mal kabul sistemlerine g\u00f6re gerekli \u00f6nlemleri almas\u0131 sa\u011flanacakt\u0131r, tedarik\u00e7ileri haftal\u0131k denetimler kalite kontrol departman\u0131 taraf\u0131ndan yap\u0131lacakt\u0131r.<\/p>\n<p>Tedarik kaynaklar\u0131n\u0131n se\u00e7iminde al\u0131nacak ek \u00f6nlemler :<\/p>\n<ol>\n<li>Tedarik\u00e7i sa\u011fl\u0131k kontrolleri<\/li>\n<li>depo ve \u00fcretim alanlar\u0131n hijyen kontrolleri<\/li>\n<li>Ara\u00e7 dezenfeksiyonu<\/li>\n<li>Tedarik\u00e7i \u00e7al\u0131\u015fan\u0131 hijyen kontrolleri<\/li>\n<\/ol>\n<p><strong>HAVUZ ve DEN\u0130Z<\/strong><br \/>\n&#8211; Plaj alanlar\u0131 geni\u015fletilecek, belirlenen kurallara g\u00f6re \u015fezlong mesafeleri ayarlanacakt\u0131r.<br \/>\n&#8211; \u015eezlonglar, plaj g\u00f6revlileri taraf\u0131ndan her kullan\u0131m sonras\u0131 temizlenecek, dezenfekte uygulamas\u0131 yap\u0131lacakt\u0131r.<\/p>\n<\/div><\/div><\/div><div class=\"fusion-layout-column fusion_builder_column fusion-builder-column-2 fusion_builder_column_1_2 1_2 fusion-flex-column fusion-flex-align-self-flex-start fusion-column-no-min-height fusion-no-small-visibility\" style=\"--awb-bg-size:cover;--awb-width-large:50%;--awb-margin-top-large:0px;--awb-spacing-right-large:3.84%;--awb-margin-bottom-large:0px;--awb-spacing-left-large:3.84%;--awb-width-medium:100%;--awb-order-medium:0;--awb-spacing-right-medium:1.92%;--awb-spacing-left-medium:1.92%;--awb-width-small:100%;--awb-order-small:0;--awb-spacing-right-small:1.92%;--awb-spacing-left-small:1.92%;\"><div class=\"fusion-column-wrapper fusion-column-has-shadow fusion-flex-justify-content-flex-start fusion-content-layout-column\"><div class=\"fusion-video fusion-youtube\" style=\"--awb-max-width:600px;--awb-max-height:360px;--awb-align-self:flex-start;--awb-width:100%;\"><div class=\"video-shortcode\"><div class=\"fluid-width-video-wrapper\" style=\"padding-top:60%;\" ><iframe title=\"YouTube video player 2\" src=\"https:\/\/www.youtube.com\/embed\/jsvk5rHPrHI?wmode=transparent&autoplay=0\" width=\"600\" height=\"360\" allowfullscreen allow=\"autoplay; clipboard-write; encrypted-media; gyroscope; picture-in-picture;\"><\/iframe><\/div><\/div><\/div><\/div><\/div><\/div><\/div><\/p>\n","protected":false},"excerpt":{"rendered":"","protected":false},"author":1,"featured_media":0,"parent":0,"menu_order":0,"comment_status":"closed","ping_status":"closed","template":"","meta":{"footnotes":""},"class_list":["post-2381","page","type-page","status-publish","hentry"],"_links":{"self":[{"href":"https:\/\/www.emrehotels.com\/tr\/wp-json\/wp\/v2\/pages\/2381","targetHints":{"allow":["GET"]}}],"collection":[{"href":"https:\/\/www.emrehotels.com\/tr\/wp-json\/wp\/v2\/pages"}],"about":[{"href":"https:\/\/www.emrehotels.com\/tr\/wp-json\/wp\/v2\/types\/page"}],"author":[{"embeddable":true,"href":"https:\/\/www.emrehotels.com\/tr\/wp-json\/wp\/v2\/users\/1"}],"replies":[{"embeddable":true,"href":"https:\/\/www.emrehotels.com\/tr\/wp-json\/wp\/v2\/comments?post=2381"}],"version-history":[{"count":15,"href":"https:\/\/www.emrehotels.com\/tr\/wp-json\/wp\/v2\/pages\/2381\/revisions"}],"predecessor-version":[{"id":3039,"href":"https:\/\/www.emrehotels.com\/tr\/wp-json\/wp\/v2\/pages\/2381\/revisions\/3039"}],"wp:attachment":[{"href":"https:\/\/www.emrehotels.com\/tr\/wp-json\/wp\/v2\/media?parent=2381"}],"curies":[{"name":"wp","href":"https:\/\/api.w.org\/{rel}","templated":true}]}}