{"id":2378,"date":"2020-12-23T21:09:25","date_gmt":"2020-12-23T21:09:25","guid":{"rendered":"http:\/\/www.emrehotels.com\/kvkk\/"},"modified":"2020-12-26T12:19:03","modified_gmt":"2020-12-26T12:19:03","slug":"kvkk","status":"publish","type":"page","link":"https:\/\/www.emrehotels.com\/tr\/kvkk\/","title":{"rendered":"KVKK"},"content":{"rendered":"<div class=\"fusion-fullwidth fullwidth-box fusion-builder-row-1 fusion-flex-container nonhundred-percent-fullwidth non-hundred-percent-height-scrolling\" style=\"--awb-border-radius-top-left:0px;--awb-border-radius-top-right:0px;--awb-border-radius-bottom-right:0px;--awb-border-radius-bottom-left:0px;--awb-padding-right-small:10px;--awb-padding-left-small:10px;--awb-flex-wrap:wrap;\" ><div class=\"fusion-builder-row fusion-row fusion-flex-align-items-flex-start fusion-flex-content-wrap\" style=\"max-width:104%;margin-left: calc(-4% \/ 2 );margin-right: calc(-4% \/ 2 );\"><div class=\"fusion-layout-column fusion_builder_column fusion-builder-column-0 fusion_builder_column_1_1 1_1 fusion-flex-column\" style=\"--awb-bg-size:cover;--awb-width-large:100%;--awb-margin-top-large:0px;--awb-spacing-right-large:1.92%;--awb-margin-bottom-large:20px;--awb-spacing-left-large:1.92%;--awb-width-medium:100%;--awb-order-medium:0;--awb-spacing-right-medium:1.92%;--awb-spacing-left-medium:1.92%;--awb-width-small:100%;--awb-order-small:0;--awb-spacing-right-small:1.92%;--awb-spacing-left-small:1.92%;\"><div class=\"fusion-column-wrapper fusion-column-has-shadow fusion-flex-justify-content-flex-start fusion-content-layout-column\"><div class=\"fusion-text fusion-text-1\"><p><strong>K\u0130\u015e\u0130SEL VER\u0130LER\u0130N \u0130\u015eLENMES\u0130 HAKKINDA GENEL AYDINLATMA METN\u0130<\/strong><\/p>\n<p><strong>\u00a0<\/strong><\/p>\n<ol>\n<li><strong> Veri Sorumlusu<\/strong><\/li>\n<\/ol>\n<p>6698 Say\u0131l\u0131 Ki\u015fisel Verilerin Korunmas\u0131 Kanunu\u2019na (\u201cKanun\u201d) uygun olarak ki\u015fisel verileriniz veri sorumlusu s\u0131fat\u0131yla Emre \u0130n\u015faat Turizm Sanayi ve Ticaret A.\u015e. (\u201cEmre Hotels\u201d veya \u201c\u015eirket\u201d) taraf\u0131ndan i\u015flenmektedir.<\/p>\n<ol>\n<li><strong> Ki\u015fisel Verilerin \u0130\u015flenme Ama\u00e7lar\u0131<\/strong><\/li>\n<\/ol>\n<p>Ki\u015fisel verileriniz; acil durum y\u00f6netimi s\u00fcre\u00e7lerinin y\u00fcr\u00fct\u00fclmesi, bilgi g\u00fcvenli\u011fi s\u00fcre\u00e7lerinin y\u00fcr\u00fct\u00fclmesi, \u00e7al\u0131\u015fan aday\u0131 \/ stajyer \/ \u00f6\u011frenci se\u00e7me ve yerle\u015ftirme s\u00fcre\u00e7lerinin y\u00fcr\u00fct\u00fclmesi, \u00e7al\u0131\u015fan adaylar\u0131n\u0131n ba\u015fvuru s\u00fcre\u00e7lerinin y\u00fcr\u00fct\u00fclmesi, denetim \/ etik faaliyetlerinin y\u00fcr\u00fct\u00fclmesi, e\u011fitim faaliyetlerinin y\u00fcr\u00fct\u00fclmesi, eri\u015fim yetkilerinin y\u00fcr\u00fct\u00fclmesi, faaliyetlerin mevzuata uygun y\u00fcr\u00fct\u00fclmesi, finans ve muhasebe i\u015flerinin y\u00fcr\u00fct\u00fclmesi, firma \/ \u00fcr\u00fcn \/ hizmetlere ba\u011fl\u0131l\u0131k s\u00fcre\u00e7lerinin y\u00fcr\u00fct\u00fclmesi, fiziksel mekan g\u00fcvenli\u011finin temini, g\u00f6revlendirme s\u00fcre\u00e7lerinin y\u00fcr\u00fct\u00fclmesi, hukuk i\u015flerinin takibi ve y\u00fcr\u00fct\u00fclmesi, i\u00e7 denetim\/ soru\u015fturma \/ istihbarat faaliyetlerinin y\u00fcr\u00fct\u00fclmesi, ileti\u015fim faaliyetlerinin y\u00fcr\u00fct\u00fclmesi, insan kaynaklar\u0131 s\u00fcre\u00e7lerinin planlanmas\u0131, i\u015f faaliyetlerinin y\u00fcr\u00fct\u00fclmesi \/ denetimi, i\u015f sa\u011fl\u0131\u011f\u0131 \/ g\u00fcvenli\u011fi faaliyetlerinin y\u00fcr\u00fct\u00fclmesi, i\u015f s\u00fcre\u00e7lerinin iyile\u015ftirilmesine y\u00f6nelik \u00f6nerilerin al\u0131nmas\u0131 ve de\u011ferlendirilmesi, i\u015f s\u00fcreklili\u011finin sa\u011flanmas\u0131 faaliyetlerinin y\u00fcr\u00fct\u00fclmesi, lojistik faaliyetlerinin y\u00fcr\u00fct\u00fclmesi, mal \/ hizmet sat\u0131n al\u0131m s\u00fcre\u00e7lerinin y\u00fcr\u00fct\u00fclmesi\u00a0\u00a0\u00a0 , mal \/ hizmet sat\u0131\u015f sonras\u0131 destek hizmetlerinin y\u00fcr\u00fct\u00fclmesi, mal \/ hizmet sat\u0131\u015f s\u00fcre\u00e7lerinin y\u00fcr\u00fct\u00fclmesi, mal \/ hizmet \u00fcretim ve operasyon s\u00fcre\u00e7lerinin y\u00fcr\u00fct\u00fclmesi, m\u00fc\u015fteri ili\u015fkileri y\u00f6netimi s\u00fcre\u00e7lerinin y\u00fcr\u00fct\u00fclmesi, m\u00fc\u015fteri memnuniyetine y\u00f6nelik aktivitelerin y\u00fcr\u00fct\u00fclmesi, organizasyon ve etkinlik y\u00f6netimi, pazarlama analiz \u00e7al\u0131\u015fmalar\u0131n\u0131n y\u00fcr\u00fct\u00fclmesi, performans de\u011ferlendirme s\u00fcre\u00e7lerinin y\u00fcr\u00fct\u00fclmesi, reklam \/ kampanya \/ promosyon s\u00fcre\u00e7lerinin y\u00fcr\u00fct\u00fclmesi, risk y\u00f6netimi s\u00fcre\u00e7lerinin y\u00fcr\u00fct\u00fclmesi, saklama ve ar\u015fiv faaliyetlerinin y\u00fcr\u00fct\u00fclmesi, sosyal sorumluluk ve sivil toplum aktivitelerinin y\u00fcr\u00fct\u00fclmesi, s\u00f6zle\u015fme s\u00fcre\u00e7lerinin y\u00fcr\u00fct\u00fclmesi, stratejik planlama faaliyetlerinin y\u00fcr\u00fct\u00fclmesi, talep \/ \u015fikayetlerin takibi, ta\u015f\u0131n\u0131r mal ve kaynaklar\u0131n g\u00fcvenli\u011finin temini, tedarik zinciri y\u00f6netimi s\u00fcre\u00e7lerinin y\u00fcr\u00fct\u00fclmesi, \u00fccret politikas\u0131n\u0131n y\u00fcr\u00fct\u00fclmesi, \u00fcr\u00fcn \/ hizmetlerin pazarlama s\u00fcre\u00e7lerinin y\u00fcr\u00fct\u00fclmesi, veri sorumlusu operasyonlar\u0131n\u0131n g\u00fcvenli\u011finin temini, yabanc\u0131 personel \u00e7al\u0131\u015fma ve oturma izni i\u015flemleri, yetenek \/ kariyer geli\u015fimi faaliyetlerinin y\u00fcr\u00fct\u00fclmesi, yetkili ki\u015fi, kurum ve kurulu\u015flara bilgi verilmesi, y\u00f6netim faaliyetlerinin y\u00fcr\u00fct\u00fclmesi, ziyaret\u00e7i kay\u0131tlar\u0131n\u0131n olu\u015fturulmas\u0131 ve takibi ama\u00e7lar\u0131yla i\u015flenmektedir.<\/p>\n<ol>\n<li><strong> Ki\u015fisel Veri Toplaman\u0131n Y\u00f6ntemi ve Hukuki Sebebi<\/strong><\/li>\n<\/ol>\n<p>S\u00f6z konusu ki\u015fisel verileriniz; ki\u015fisel veri i\u015fleme faaliyetinin \u201ckanunlarda a\u00e7\u0131k\u00e7a \u00f6ng\u00f6r\u00fclmesi\u201d, \u201cbir s\u00f6zle\u015fmenin kurulmas\u0131 veya ifas\u0131yla do\u011frudan do\u011fruya ilgili olmas\u0131 kayd\u0131yla s\u00f6zle\u015fmenin taraflar\u0131na ait ki\u015fisel verilerin i\u015flenmesinin gerekli olmas\u0131\u201d, \u201c\u015eirket\u2019in hukuki y\u00fck\u00fcml\u00fcl\u00fc\u011f\u00fcn\u00fc yerine getirebilmesi i\u00e7in zorunlu olmas\u0131\u201d; \u201cbir hakk\u0131n tesisi, kullan\u0131lmas\u0131 veya korunmas\u0131 i\u00e7in zorunlu olmas\u0131\u201d; \u201cki\u015fisel verinin ilgili ki\u015finin kendisi taraf\u0131ndan alenile\u015ftirilmi\u015f olmas\u0131\u201d; \u201cilgili ki\u015filerin temel hak ve \u00f6zg\u00fcrl\u00fcklerine zarar vermemek kayd\u0131yla \u015eirket\u2019in me\u015fru menfaatleri i\u00e7in veri i\u015flemenin zorunlu olmas\u0131\u201d hukuki sebeplerinden birine yahut a\u00e7\u0131k r\u0131zan\u0131za dayal\u0131 olarak \u0130\u015f ba\u015fvuru formlar\u0131, m\u00fc\u015fteri bilgi formlar\u0131, \u015eirket\u2019e ibraz edilen muhtelif belgeler, \u015eirket\u2019e iletilen posta ve e-postalar, \u00e7a\u011fr\u0131 merkezi, \u015eirket internet sitesi, sosyal medya ara\u00e7lar\u0131, \u015eirket\u2019in hizmet verdi\u011fi yahut hizmet ald\u0131\u011f\u0131 ki\u015fi ve \u015firketler ile i\u015f ortaklar\u0131, ta\u015feronlar, hizmet\/\u00fcr\u00fcn tedarik etti\u011fi firmalar ve grup \u015firketleri gibi \u00fc\u00e7\u00fcnc\u00fc ki\u015filer, istihdam \u015firketleri ve i\u015f arama portallar\u0131,\u00a0 mobil uygulamalar, kurumsal ileti\u015fim hesaplar\u0131 ve cihazlar\u0131, \u015eirket bili\u015fim sistemleri ve cihazlar\u0131, g\u00fcvenlik kameralar\u0131, parmak izi ve y\u00fcz tan\u0131ma sistemleri (yaln\u0131zca \u015eirket yetkilisi) ile \u015eirket ara\u00e7lar\u0131ndaki GPS, OGS, TTS vb. sistemler kanal\u0131yla toplanmaktad\u0131r.<\/p>\n<ol>\n<li><strong>Ki\u015fisel Verilerin Kimlere ve Hangi Ama\u00e7la Aktar\u0131labilece\u011fi<\/strong><\/li>\n<\/ol>\n<p>Ki\u015fisel verileriniz; acil durum y\u00f6netimi s\u00fcre\u00e7lerinin y\u00fcr\u00fct\u00fclmesi, bilgi g\u00fcvenli\u011fi s\u00fcre\u00e7lerinin y\u00fcr\u00fct\u00fclmesi, \u00e7al\u0131\u015fan aday\u0131 \/ stajyer se\u00e7me ve yerle\u015ftirme s\u00fcre\u00e7lerinin y\u00fcr\u00fct\u00fclmesi, denetim\/etik faaliyetlerinin y\u00fcr\u00fct\u00fclmesi, e\u011fitim faaliyetlerinin d\u00fczenlenmesi, faaliyetlerin mevzuata uygun y\u00fcr\u00fct\u00fclmesi, finans ve muhasebe faaliyetlerinin y\u00fcr\u00fct\u00fclmesi, g\u00f6revlendirme s\u00fcre\u00e7lerinin y\u00fcr\u00fct\u00fclmesi, hukuk i\u015flerinin takibi ve y\u00fcr\u00fct\u00fclmesi, i\u015f akdi\/mevzuattan kaynakl\u0131 y\u00fck\u00fcml\u00fcl\u00fcklerin yerine getirilmesi, i\u015f faaliyetlerinin y\u00fcr\u00fct\u00fclmesi\/denetimi, i\u015f sa\u011fl\u0131\u011f\u0131\/g\u00fcvenli\u011fi faaliyetlerinin y\u00fcr\u00fct\u00fclmesi, kalite kontrol faaliyetlerinin yap\u0131lmas\u0131, lojistik faaliyetlerinin y\u00fcr\u00fct\u00fclmesi, firma \/\u00fcr\u00fcn \/ hizmetlere ba\u011fl\u0131l\u0131k s\u00fcre\u00e7lerinin y\u00fcr\u00fct\u00fclmesi, mal\/hizmet \u00fcretim ve operasyon s\u00fcre\u00e7lerinin y\u00fcr\u00fct\u00fclmesi, saklama ve ar\u015fiv faaliyetlerinin y\u00fcr\u00fct\u00fclmesi, s\u00f6zle\u015fme s\u00fcre\u00e7lerinin y\u00fcr\u00fct\u00fclmesi, talep \/ \u015fikayetlerin takibi, yan haklar ve menfaatler s\u00fcre\u00e7lerinin y\u00fcr\u00fct\u00fclmesi, yat\u0131r\u0131m s\u00fcre\u00e7lerinin y\u00fcr\u00fct\u00fclmesi, yetkili ki\u015fi\/kurum ve kurulu\u015flara bilgi verilmesi, y\u00f6netim faaliyetlerinin y\u00fcr\u00fct\u00fclmesi ama\u00e7lar\u0131yla ve yaln\u0131zca ilgili ama\u00e7lar\u0131n ger\u00e7ekle\u015ftirilmesi i\u00e7in gerekli olan verilerle s\u0131n\u0131rl\u0131 olarak; hissedarlara, \u015eirket\u2019in grup\/topluluk \u015firketlerine, ba\u011fl\u0131 ortakl\u0131klar\u0131na, i\u015ftiraklerine, i\u015f ortaklar\u0131na, ger\u00e7ek ki\u015filer veya \u00f6zel hukuk t\u00fczel ki\u015filerine (\u015eirket\u2019in akdi veya kanuni y\u00fck\u00fcml\u00fcl\u00fcklerini yerine getirmek amac\u0131yla i\u015fbirli\u011fi yapt\u0131\u011f\u0131 kurulu\u015flar: Ba\u011f\u0131ms\u0131z denetim firmalar\u0131, sigorta \u015firketleri, hukuk b\u00fcrosu ve bankalar vb.), yetkili kamu kurum ve kurulu\u015flar\u0131na aktar\u0131labilmektedir.<\/p>\n<ol start=\"11\">\n<li><strong> Kanun\u2019un 11. Maddesi Uyar\u0131nca Ki\u015fisel Veri Sahibinin Haklar\u0131<\/strong><\/li>\n<\/ol>\n<p>Kanunun \u201cilgili ki\u015finin haklar\u0131n\u0131 d\u00fczenleyen\u201d 11\u2019inci maddesi kapsam\u0131ndaki talep ve ba\u015fvurular\u0131n\u0131z\u0131 iletebilirsiniz.<\/p>\n<p>Ba\u015fvurular\u0131n\u0131z\u0131 internet sitemizde yer alan ba\u015fvuru formu doldurduktan sonra;<\/p>\n<ul>\n<li>Islak imzal\u0131 olarak \u015fahsen ula\u015ft\u0131rabilir veya Noter kanal\u0131yla posta adresimize g\u00f6nderebilir,<\/li>\n<li>Kay\u0131tl\u0131 elektronik posta (KEP), g\u00fcvenli elektronik imza, mobil imza ya da daha \u00f6nce \u015eirketimize bildirdi\u011finiz ve sistemimizde kay\u0131tl\u0131 bulunan elektronik posta adresinizi kullanmak suretiyle elektronik ortamda iletebilirsiniz.<\/li>\n<\/ul>\n<table>\n<tbody>\n<tr>\n<td width=\"179\">Posta adresimiz:<\/td>\n<td width=\"425\">Armutalan Mah. Cumhuriyet Blv. No:60, Marmaris<\/td>\n<\/tr>\n<tr>\n<td width=\"179\">KEP adresimiz:<\/td>\n<td width=\"425\"><u>&#8230;&#8230;&#8230;@&#8230;&#8230;.kep.tr<\/u><\/td>\n<\/tr>\n<tr>\n<td width=\"179\">E-posta adresimiz:<\/td>\n<td width=\"425\"><u>info@emrehotels.com<\/u><\/td>\n<\/tr>\n<\/tbody>\n<\/table>\n<p>Ayr\u0131nt\u0131l\u0131 bilgi edinmek i\u00e7in \u015eirketimizin \u201cKi\u015fisel Verilerin Korunmas\u0131 ve \u0130\u015flenmesi Politikas\u0131\u201dn\u0131 inceleyebilirsiniz.<\/p>\n<\/div><\/div><\/div><\/div><\/div>\n","protected":false},"excerpt":{"rendered":"","protected":false},"author":1,"featured_media":0,"parent":0,"menu_order":0,"comment_status":"closed","ping_status":"closed","template":"","meta":{"footnotes":""},"class_list":["post-2378","page","type-page","status-publish","hentry"],"_links":{"self":[{"href":"https:\/\/www.emrehotels.com\/tr\/wp-json\/wp\/v2\/pages\/2378","targetHints":{"allow":["GET"]}}],"collection":[{"href":"https:\/\/www.emrehotels.com\/tr\/wp-json\/wp\/v2\/pages"}],"about":[{"href":"https:\/\/www.emrehotels.com\/tr\/wp-json\/wp\/v2\/types\/page"}],"author":[{"embeddable":true,"href":"https:\/\/www.emrehotels.com\/tr\/wp-json\/wp\/v2\/users\/1"}],"replies":[{"embeddable":true,"href":"https:\/\/www.emrehotels.com\/tr\/wp-json\/wp\/v2\/comments?post=2378"}],"version-history":[{"count":4,"href":"https:\/\/www.emrehotels.com\/tr\/wp-json\/wp\/v2\/pages\/2378\/revisions"}],"predecessor-version":[{"id":2803,"href":"https:\/\/www.emrehotels.com\/tr\/wp-json\/wp\/v2\/pages\/2378\/revisions\/2803"}],"wp:attachment":[{"href":"https:\/\/www.emrehotels.com\/tr\/wp-json\/wp\/v2\/media?parent=2378"}],"curies":[{"name":"wp","href":"https:\/\/api.w.org\/{rel}","templated":true}]}}