{"id":1910,"date":"2020-02-22T13:23:08","date_gmt":"2020-02-22T13:23:08","guid":{"rendered":"http:\/\/www.emrehotels.com\/odalar\/"},"modified":"2020-12-26T11:56:16","modified_gmt":"2020-12-26T11:56:16","slug":"odalar","status":"publish","type":"page","link":"https:\/\/www.emrehotels.com\/tr\/odalar\/","title":{"rendered":"Odalar"},"content":{"rendered":"<div class=\"fusion-fullwidth fullwidth-box fusion-builder-row-1 fusion-flex-container nonhundred-percent-fullwidth non-hundred-percent-height-scrolling\" style=\"--awb-border-radius-top-left:0px;--awb-border-radius-top-right:0px;--awb-border-radius-bottom-right:0px;--awb-border-radius-bottom-left:0px;--awb-padding-right:75px;--awb-padding-left:75px;--awb-padding-right-small:10px;--awb-padding-left-small:10px;--awb-flex-wrap:wrap;\" ><div class=\"fusion-builder-row fusion-row fusion-flex-align-items-flex-start fusion-flex-content-wrap\" style=\"max-width:104%;margin-left: calc(-4% \/ 2 );margin-right: calc(-4% \/ 2 );\"><div class=\"fusion-layout-column fusion_builder_column fusion-builder-column-0 fusion_builder_column_1_1 1_1 fusion-flex-column\" style=\"--awb-bg-size:cover;--awb-width-large:100%;--awb-margin-top-large:0px;--awb-spacing-right-large:1.92%;--awb-margin-bottom-large:20px;--awb-spacing-left-large:1.92%;--awb-width-medium:100%;--awb-order-medium:0;--awb-spacing-right-medium:1.92%;--awb-spacing-left-medium:1.92%;--awb-width-small:100%;--awb-order-small:0;--awb-spacing-right-small:1.92%;--awb-spacing-left-small:1.92%;\"><div class=\"fusion-column-wrapper fusion-column-has-shadow fusion-flex-justify-content-flex-start fusion-content-layout-column\"><style type=\"text\/css\">.fusion-portfolio-wrapper#fusion-portfolio-1 .fusion-portfolio-content{ padding: 25px 25px 25px 25px; text-align: left; }<\/style><div class=\"fusion-recent-works fusion-portfolio-element fusion-portfolio fusion-portfolio-1 fusion-portfolio-masonry fusion-portfolio-paging-none fusion-portfolio-two fusion-portfolio-boxed fusion-portfolio-text fusion-portfolio-rollover fusion-animated\" data-id=\"-rw-1\" data-columns=\"two\" data-animationType=\"fadeInLeft\" data-animationDuration=\"0.3\" data-animationOffset=\"top-into-view\"><div><ul class=\"fusion-filters\" role=\"menu\" aria-label=\"Portfolio Filters\"><li role=\"presentation\" class=\"fusion-filter fusion-filter-all fusion-active\"><a href=\"#\" data-filter=\"*\" role=\"menuitem\">T\u00fcm\u00fc<\/a><\/li><li role=\"presentation\" class=\"fusion-filter fusion-hidden\"><a href=\"#\" data-filter=\".beach-tr\" role=\"menuitem\">Emre Beach<\/a><\/li><li role=\"presentation\" class=\"fusion-filter fusion-hidden\"><a href=\"#\" data-filter=\".annex-tr\" role=\"menuitem\">Emre Otel<\/a><\/li><\/ul><\/div><style type=\"text\/css\">.fusion-portfolio-1 .fusion-portfolio-wrapper .fusion-col-spacing{padding:10px;}<\/style><div class=\"fusion-portfolio-wrapper\" id=\"fusion-portfolio-1\" data-picturesize=\"auto\" data-pages=\"1\" style=\"margin:-10px;\"><article class=\"fusion-portfolio-post fusion-grid-sizer\"><\/article><article id=\"portfolio-1-post-1144\" class=\"fusion-portfolio-post beach-tr fusion-col-spacing post-1144 fusion-element-grid\"><div class=\"fusion-portfolio-content-wrapper\" style=\"border:1px solid #ebeaea;border-bottom-width:3px;\"><span class=\"vcard rich-snippet-hidden\"><span class=\"fn\"><a href=\"https:\/\/www.emrehotels.com\/tr\/author\/admin\/\" title=\"admin taraf\u0131ndan yaz\u0131lan yaz\u0131lar\" rel=\"author\">admin<\/a><\/span><\/span><span class=\"updated rich-snippet-hidden\">2020-12-25T14:08:14+00:00<\/span><div  class=\"fusion-masonry-element-container fusion-image-wrapper\" style=\"background-image:url(https:\/\/www.emrehotels.com\/wp-content\/uploads\/2017\/09\/B_1249-K.jpg);padding-top:calc((100% + 16px) * 0.8 - 10px);\" aria-haspopup=\"true\">\n\t\t\t\t<img decoding=\"async\" width=\"1400\" height=\"935\" src=\"https:\/\/www.emrehotels.com\/wp-content\/uploads\/2017\/09\/B_1249-K.jpg\" class=\"attachment-full size-full wp-post-image\" alt=\"\" srcset=\"https:\/\/www.emrehotels.com\/wp-content\/uploads\/2017\/09\/B_1249-K-200x134.jpg 200w, https:\/\/www.emrehotels.com\/wp-content\/uploads\/2017\/09\/B_1249-K-400x267.jpg 400w, https:\/\/www.emrehotels.com\/wp-content\/uploads\/2017\/09\/B_1249-K-600x401.jpg 600w, https:\/\/www.emrehotels.com\/wp-content\/uploads\/2017\/09\/B_1249-K-800x534.jpg 800w, https:\/\/www.emrehotels.com\/wp-content\/uploads\/2017\/09\/B_1249-K-1200x801.jpg 1200w, https:\/\/www.emrehotels.com\/wp-content\/uploads\/2017\/09\/B_1249-K.jpg 1400w\" sizes=\"(min-width: 2200px) 100vw, (min-width: 712px) 784px, (min-width: 640px) 712px, \" \/><div class=\"fusion-rollover\">\n\t<div class=\"fusion-rollover-content\">\n\n\t\t\t\t\t\t\t\t\t\t\t\t\t\t<a class=\"fusion-rollover-link\" href=\"https:\/\/www.emrehotels.com\/tr\/portfolio-items\/deniz-manzarali-oda\/?portfolioCats=33%2C34\">Deniz Manzaral\u0131 Oda<\/a>\n\t\t\t\n\t\t\t\t\t\t\t\t\n\t\t\n\t\t\t\t\t\t\t\t\t\t\t\t<h4 class=\"fusion-rollover-title\">\n\t\t\t\t\t<a class=\"fusion-rollover-title-link\" href=\"https:\/\/www.emrehotels.com\/tr\/portfolio-items\/deniz-manzarali-oda\/?portfolioCats=33%2C34\">\n\t\t\t\t\t\tDeniz Manzaral\u0131 Oda\t\t\t\t\t<\/a>\n\t\t\t\t<\/h4>\n\t\t\t\n\t\t\t\t\t\t\t\t\t\t<div class=\"fusion-rollover-categories\"><a href=\"https:\/\/www.emrehotels.com\/tr\/portfolio_category\/beach-tr\/\" rel=\"tag\">Emre Beach<\/a><\/div>\t\t\t\t\t\n\t\t\n\t\t\t\t\t\t<a class=\"fusion-link-wrapper\" href=\"https:\/\/www.emrehotels.com\/tr\/portfolio-items\/deniz-manzarali-oda\/?portfolioCats=33%2C34\" aria-label=\"Deniz Manzaral\u0131 Oda\"><\/a>\n\t<\/div>\n<\/div>\n<\/div>\n<div class=\"fusion-portfolio-content\" style=\"bottom:0px;left:0px;right:0px;background-color:rgba(255,255,255,0);z-index:1;position:absolute;margin:0;\"><h2 class=\"entry-title fusion-post-title\"><a href=\"https:\/\/www.emrehotels.com\/tr\/portfolio-items\/deniz-manzarali-oda\/?portfolioCats=33%2C34\">Deniz Manzaral\u0131 Oda<\/a><\/h2><div class=\"fusion-portfolio-meta\"><a href=\"https:\/\/www.emrehotels.com\/tr\/portfolio_category\/beach-tr\/\" rel=\"tag\">Emre Beach<\/a><\/div><div class=\"fusion-post-content\"><\/div><\/div><\/div><\/article><article id=\"portfolio-1-post-968\" class=\"fusion-portfolio-post annex-tr fusion-col-spacing post-968 fusion-element-grid\"><div class=\"fusion-portfolio-content-wrapper\" style=\"border:1px solid #ebeaea;border-bottom-width:3px;\"><span class=\"vcard rich-snippet-hidden\"><span class=\"fn\"><a href=\"https:\/\/www.emrehotels.com\/tr\/author\/admin\/\" title=\"admin taraf\u0131ndan yaz\u0131lan yaz\u0131lar\" rel=\"author\">admin<\/a><\/span><\/span><span class=\"updated rich-snippet-hidden\">2020-12-24T22:09:38+00:00<\/span><div  class=\"fusion-masonry-element-container fusion-image-wrapper\" style=\"background-image:url(https:\/\/www.emrehotels.com\/wp-content\/uploads\/2017\/09\/A_4903-F.jpg);padding-top:calc((100% + 16px) * 0.8 - 10px);\" aria-haspopup=\"true\">\n\t\t\t\t<img decoding=\"async\" width=\"1400\" height=\"1291\" src=\"https:\/\/www.emrehotels.com\/wp-content\/uploads\/2017\/09\/A_4903-F.jpg\" class=\"attachment-full size-full wp-post-image\" alt=\"\" srcset=\"https:\/\/www.emrehotels.com\/wp-content\/uploads\/2017\/09\/A_4903-F-200x184.jpg 200w, https:\/\/www.emrehotels.com\/wp-content\/uploads\/2017\/09\/A_4903-F-400x369.jpg 400w, https:\/\/www.emrehotels.com\/wp-content\/uploads\/2017\/09\/A_4903-F-600x553.jpg 600w, https:\/\/www.emrehotels.com\/wp-content\/uploads\/2017\/09\/A_4903-F-800x738.jpg 800w, https:\/\/www.emrehotels.com\/wp-content\/uploads\/2017\/09\/A_4903-F-1200x1107.jpg 1200w, https:\/\/www.emrehotels.com\/wp-content\/uploads\/2017\/09\/A_4903-F.jpg 1400w\" sizes=\"(min-width: 2200px) 100vw, (min-width: 712px) 784px, (min-width: 640px) 712px, \" \/><div class=\"fusion-rollover\">\n\t<div class=\"fusion-rollover-content\">\n\n\t\t\t\t\t\t\t\t\t\t\t\t\t\t<a class=\"fusion-rollover-link\" href=\"https:\/\/www.emrehotels.com\/tr\/portfolio-items\/suite-room\/?portfolioCats=33%2C34\">S\u00fcit Oda<\/a>\n\t\t\t\n\t\t\t\t\t\t\t\t\n\t\t\n\t\t\t\t\t\t\t\t\t\t\t\t<h4 class=\"fusion-rollover-title\">\n\t\t\t\t\t<a class=\"fusion-rollover-title-link\" href=\"https:\/\/www.emrehotels.com\/tr\/portfolio-items\/suite-room\/?portfolioCats=33%2C34\">\n\t\t\t\t\t\tS\u00fcit Oda\t\t\t\t\t<\/a>\n\t\t\t\t<\/h4>\n\t\t\t\n\t\t\t\t\t\t\t\t\t\t<div class=\"fusion-rollover-categories\"><a href=\"https:\/\/www.emrehotels.com\/tr\/portfolio_category\/annex-tr\/\" rel=\"tag\">Emre Otel<\/a><\/div>\t\t\t\t\t\n\t\t\n\t\t\t\t\t\t<a class=\"fusion-link-wrapper\" href=\"https:\/\/www.emrehotels.com\/tr\/portfolio-items\/suite-room\/?portfolioCats=33%2C34\" aria-label=\"S\u00fcit Oda\"><\/a>\n\t<\/div>\n<\/div>\n<\/div>\n<div class=\"fusion-portfolio-content\" style=\"bottom:0px;left:0px;right:0px;background-color:rgba(255,255,255,0);z-index:1;position:absolute;margin:0;\"><h2 class=\"entry-title fusion-post-title\"><a href=\"https:\/\/www.emrehotels.com\/tr\/portfolio-items\/suite-room\/?portfolioCats=33%2C34\">S\u00fcit Oda<\/a><\/h2><div class=\"fusion-portfolio-meta\"><a href=\"https:\/\/www.emrehotels.com\/tr\/portfolio_category\/annex-tr\/\" rel=\"tag\">Emre Otel<\/a><\/div><div class=\"fusion-post-content\"><\/div><\/div><\/div><\/article><article id=\"portfolio-1-post-1134\" class=\"fusion-portfolio-post annex-tr fusion-col-spacing post-1134 fusion-element-grid\"><div class=\"fusion-portfolio-content-wrapper\" style=\"border:1px solid #ebeaea;border-bottom-width:3px;\"><span class=\"vcard rich-snippet-hidden\"><span class=\"fn\"><a href=\"https:\/\/www.emrehotels.com\/tr\/author\/admin\/\" title=\"admin taraf\u0131ndan yaz\u0131lan yaz\u0131lar\" rel=\"author\">admin<\/a><\/span><\/span><span class=\"updated rich-snippet-hidden\">2020-12-24T22:11:18+00:00<\/span><div  class=\"fusion-masonry-element-container fusion-image-wrapper\" style=\"background-image:url(https:\/\/www.emrehotels.com\/wp-content\/uploads\/2017\/09\/A_4635-F.jpg);padding-top:calc((100% + 16px) * 0.8 - 10px);\" aria-haspopup=\"true\">\n\t\t\t\t<img decoding=\"async\" width=\"1400\" height=\"1385\" src=\"https:\/\/www.emrehotels.com\/wp-content\/uploads\/2017\/09\/A_4635-F.jpg\" class=\"attachment-full size-full wp-post-image\" alt=\"\" srcset=\"https:\/\/www.emrehotels.com\/wp-content\/uploads\/2017\/09\/A_4635-F-200x198.jpg 200w, https:\/\/www.emrehotels.com\/wp-content\/uploads\/2017\/09\/A_4635-F-400x396.jpg 400w, https:\/\/www.emrehotels.com\/wp-content\/uploads\/2017\/09\/A_4635-F-600x594.jpg 600w, https:\/\/www.emrehotels.com\/wp-content\/uploads\/2017\/09\/A_4635-F-800x791.jpg 800w, https:\/\/www.emrehotels.com\/wp-content\/uploads\/2017\/09\/A_4635-F-1200x1187.jpg 1200w, https:\/\/www.emrehotels.com\/wp-content\/uploads\/2017\/09\/A_4635-F.jpg 1400w\" sizes=\"(min-width: 2200px) 100vw, (min-width: 712px) 784px, (min-width: 640px) 712px, \" \/><div class=\"fusion-rollover\">\n\t<div class=\"fusion-rollover-content\">\n\n\t\t\t\t\t\t\t\t\t\t\t\t\t\t<a class=\"fusion-rollover-link\" href=\"https:\/\/www.emrehotels.com\/tr\/portfolio-items\/modern-oda\/?portfolioCats=33%2C34\">Modern Oda<\/a>\n\t\t\t\n\t\t\t\t\t\t\t\t\n\t\t\n\t\t\t\t\t\t\t\t\t\t\t\t<h4 class=\"fusion-rollover-title\">\n\t\t\t\t\t<a class=\"fusion-rollover-title-link\" href=\"https:\/\/www.emrehotels.com\/tr\/portfolio-items\/modern-oda\/?portfolioCats=33%2C34\">\n\t\t\t\t\t\tModern Oda\t\t\t\t\t<\/a>\n\t\t\t\t<\/h4>\n\t\t\t\n\t\t\t\t\t\t\t\t\t\t<div class=\"fusion-rollover-categories\"><a href=\"https:\/\/www.emrehotels.com\/tr\/portfolio_category\/annex-tr\/\" rel=\"tag\">Emre Otel<\/a><\/div>\t\t\t\t\t\n\t\t\n\t\t\t\t\t\t<a class=\"fusion-link-wrapper\" href=\"https:\/\/www.emrehotels.com\/tr\/portfolio-items\/modern-oda\/?portfolioCats=33%2C34\" aria-label=\"Modern Oda\"><\/a>\n\t<\/div>\n<\/div>\n<\/div>\n<div class=\"fusion-portfolio-content\" style=\"bottom:0px;left:0px;right:0px;background-color:rgba(255,255,255,0);z-index:1;position:absolute;margin:0;\"><h2 class=\"entry-title fusion-post-title\"><a href=\"https:\/\/www.emrehotels.com\/tr\/portfolio-items\/modern-oda\/?portfolioCats=33%2C34\">Modern Oda<\/a><\/h2><div class=\"fusion-portfolio-meta\"><a href=\"https:\/\/www.emrehotels.com\/tr\/portfolio_category\/annex-tr\/\" rel=\"tag\">Emre Otel<\/a><\/div><div class=\"fusion-post-content\"><\/div><\/div><\/div><\/article><article id=\"portfolio-1-post-1138\" class=\"fusion-portfolio-post annex-tr fusion-col-spacing post-1138 fusion-element-grid\"><div class=\"fusion-portfolio-content-wrapper\" style=\"border:1px solid #ebeaea;border-bottom-width:3px;\"><span class=\"vcard rich-snippet-hidden\"><span class=\"fn\"><a href=\"https:\/\/www.emrehotels.com\/tr\/author\/admin\/\" title=\"admin taraf\u0131ndan yaz\u0131lan yaz\u0131lar\" rel=\"author\">admin<\/a><\/span><\/span><span class=\"updated rich-snippet-hidden\">2020-12-24T22:12:04+00:00<\/span><div  class=\"fusion-masonry-element-container fusion-image-wrapper\" style=\"background-image:url(https:\/\/www.emrehotels.com\/wp-content\/uploads\/2017\/09\/A_4407-F.jpg);padding-top:calc((100% + 16px) * 0.8 - 10px);\" aria-haspopup=\"true\">\n\t\t\t\t<img decoding=\"async\" width=\"1400\" height=\"1164\" src=\"https:\/\/www.emrehotels.com\/wp-content\/uploads\/2017\/09\/A_4407-F.jpg\" class=\"attachment-full size-full wp-post-image\" alt=\"\" srcset=\"https:\/\/www.emrehotels.com\/wp-content\/uploads\/2017\/09\/A_4407-F-200x166.jpg 200w, https:\/\/www.emrehotels.com\/wp-content\/uploads\/2017\/09\/A_4407-F-400x333.jpg 400w, https:\/\/www.emrehotels.com\/wp-content\/uploads\/2017\/09\/A_4407-F-600x499.jpg 600w, https:\/\/www.emrehotels.com\/wp-content\/uploads\/2017\/09\/A_4407-F-800x665.jpg 800w, https:\/\/www.emrehotels.com\/wp-content\/uploads\/2017\/09\/A_4407-F-1200x998.jpg 1200w, https:\/\/www.emrehotels.com\/wp-content\/uploads\/2017\/09\/A_4407-F.jpg 1400w\" sizes=\"(min-width: 2200px) 100vw, (min-width: 712px) 784px, (min-width: 640px) 712px, \" \/><div class=\"fusion-rollover\">\n\t<div class=\"fusion-rollover-content\">\n\n\t\t\t\t\t\t\t\t\t\t\t\t\t\t<a class=\"fusion-rollover-link\" href=\"https:\/\/www.emrehotels.com\/tr\/portfolio-items\/klasiik-oda\/?portfolioCats=33%2C34\">Klasik Oda<\/a>\n\t\t\t\n\t\t\t\t\t\t\t\t\n\t\t\n\t\t\t\t\t\t\t\t\t\t\t\t<h4 class=\"fusion-rollover-title\">\n\t\t\t\t\t<a class=\"fusion-rollover-title-link\" href=\"https:\/\/www.emrehotels.com\/tr\/portfolio-items\/klasiik-oda\/?portfolioCats=33%2C34\">\n\t\t\t\t\t\tKlasik Oda\t\t\t\t\t<\/a>\n\t\t\t\t<\/h4>\n\t\t\t\n\t\t\t\t\t\t\t\t\t\t<div class=\"fusion-rollover-categories\"><a href=\"https:\/\/www.emrehotels.com\/tr\/portfolio_category\/annex-tr\/\" rel=\"tag\">Emre Otel<\/a><\/div>\t\t\t\t\t\n\t\t\n\t\t\t\t\t\t<a class=\"fusion-link-wrapper\" href=\"https:\/\/www.emrehotels.com\/tr\/portfolio-items\/klasiik-oda\/?portfolioCats=33%2C34\" aria-label=\"Klasik Oda\"><\/a>\n\t<\/div>\n<\/div>\n<\/div>\n<div class=\"fusion-portfolio-content\" style=\"bottom:0px;left:0px;right:0px;background-color:rgba(255,255,255,0);z-index:1;position:absolute;margin:0;\"><h2 class=\"entry-title fusion-post-title\"><a href=\"https:\/\/www.emrehotels.com\/tr\/portfolio-items\/klasiik-oda\/?portfolioCats=33%2C34\">Klasik Oda<\/a><\/h2><div class=\"fusion-portfolio-meta\"><a href=\"https:\/\/www.emrehotels.com\/tr\/portfolio_category\/annex-tr\/\" rel=\"tag\">Emre Otel<\/a><\/div><div class=\"fusion-post-content\"><\/div><\/div><\/div><\/article><article id=\"portfolio-1-post-1147\" class=\"fusion-portfolio-post beach-tr fusion-col-spacing post-1147 fusion-element-landscape\"><div class=\"fusion-portfolio-content-wrapper\" style=\"border:1px solid #ebeaea;border-bottom-width:3px;\"><span class=\"vcard rich-snippet-hidden\"><span class=\"fn\"><a href=\"https:\/\/www.emrehotels.com\/tr\/author\/admin\/\" title=\"admin taraf\u0131ndan yaz\u0131lan yaz\u0131lar\" rel=\"author\">admin<\/a><\/span><\/span><span class=\"updated rich-snippet-hidden\">2020-12-24T22:24:54+00:00<\/span><div  class=\"fusion-masonry-element-container fusion-image-wrapper\" style=\"background-image:url(https:\/\/www.emrehotels.com\/wp-content\/uploads\/2017\/09\/A_5470-F.jpg);padding-top:calc((100% + 10px) * 0.4 - 10px);\" aria-haspopup=\"true\">\n\t\t\t\t<img decoding=\"async\" width=\"1400\" height=\"635\" src=\"https:\/\/www.emrehotels.com\/wp-content\/uploads\/2017\/09\/A_5470-F.jpg\" class=\"attachment-full size-full wp-post-image\" alt=\"\" srcset=\"https:\/\/www.emrehotels.com\/wp-content\/uploads\/2017\/09\/A_5470-F-200x91.jpg 200w, https:\/\/www.emrehotels.com\/wp-content\/uploads\/2017\/09\/A_5470-F-400x181.jpg 400w, https:\/\/www.emrehotels.com\/wp-content\/uploads\/2017\/09\/A_5470-F-600x272.jpg 600w, https:\/\/www.emrehotels.com\/wp-content\/uploads\/2017\/09\/A_5470-F-800x363.jpg 800w, https:\/\/www.emrehotels.com\/wp-content\/uploads\/2017\/09\/A_5470-F-1200x544.jpg 1200w, https:\/\/www.emrehotels.com\/wp-content\/uploads\/2017\/09\/A_5470-F.jpg 1400w\" sizes=\"(min-width: 2200px) 100vw, (min-width: 640px) 1920px, \" \/><div class=\"fusion-rollover\">\n\t<div class=\"fusion-rollover-content\">\n\n\t\t\t\t\t\t\t\t\t\t\t\t\t\t<a class=\"fusion-rollover-link\" href=\"https:\/\/www.emrehotels.com\/tr\/portfolio-items\/panorama-oda\/?portfolioCats=33%2C34\">Panorama Oda<\/a>\n\t\t\t\n\t\t\t\t\t\t\t\t\n\t\t\n\t\t\t\t\t\t\t\t\t\t\t\t<h4 class=\"fusion-rollover-title\">\n\t\t\t\t\t<a class=\"fusion-rollover-title-link\" href=\"https:\/\/www.emrehotels.com\/tr\/portfolio-items\/panorama-oda\/?portfolioCats=33%2C34\">\n\t\t\t\t\t\tPanorama Oda\t\t\t\t\t<\/a>\n\t\t\t\t<\/h4>\n\t\t\t\n\t\t\t\t\t\t\t\t\t\t<div class=\"fusion-rollover-categories\"><a href=\"https:\/\/www.emrehotels.com\/tr\/portfolio_category\/beach-tr\/\" rel=\"tag\">Emre Beach<\/a><\/div>\t\t\t\t\t\n\t\t\n\t\t\t\t\t\t<a class=\"fusion-link-wrapper\" href=\"https:\/\/www.emrehotels.com\/tr\/portfolio-items\/panorama-oda\/?portfolioCats=33%2C34\" aria-label=\"Panorama Oda\"><\/a>\n\t<\/div>\n<\/div>\n<\/div>\n<div class=\"fusion-portfolio-content\" style=\"bottom:0px;left:0px;right:0px;background-color:rgba(255,255,255,0);z-index:1;position:absolute;margin:0;\"><h2 class=\"entry-title fusion-post-title\"><a href=\"https:\/\/www.emrehotels.com\/tr\/portfolio-items\/panorama-oda\/?portfolioCats=33%2C34\">Panorama Oda<\/a><\/h2><div class=\"fusion-portfolio-meta\"><a href=\"https:\/\/www.emrehotels.com\/tr\/portfolio_category\/beach-tr\/\" rel=\"tag\">Emre Beach<\/a><\/div><div class=\"fusion-post-content\"><\/div><\/div><\/div><\/article><article id=\"portfolio-1-post-1150\" class=\"fusion-portfolio-post beach-tr fusion-col-spacing post-1150 fusion-element-grid\"><div class=\"fusion-portfolio-content-wrapper\" style=\"border:1px solid #ebeaea;border-bottom-width:3px;\"><span class=\"vcard rich-snippet-hidden\"><span class=\"fn\"><a href=\"https:\/\/www.emrehotels.com\/tr\/author\/admin\/\" title=\"admin taraf\u0131ndan yaz\u0131lan yaz\u0131lar\" rel=\"author\">admin<\/a><\/span><\/span><span class=\"updated rich-snippet-hidden\">2020-12-24T22:25:38+00:00<\/span><div  class=\"fusion-masonry-element-container fusion-image-wrapper\" style=\"background-image:url(https:\/\/www.emrehotels.com\/wp-content\/uploads\/2017\/09\/B_1179-K.jpg);padding-top:calc((100% + 16px) * 0.8 - 10px);\" aria-haspopup=\"true\">\n\t\t\t\t<img decoding=\"async\" width=\"1400\" height=\"903\" src=\"https:\/\/www.emrehotels.com\/wp-content\/uploads\/2017\/09\/B_1179-K.jpg\" class=\"attachment-full size-full wp-post-image\" alt=\"\" srcset=\"https:\/\/www.emrehotels.com\/wp-content\/uploads\/2017\/09\/B_1179-K-200x129.jpg 200w, https:\/\/www.emrehotels.com\/wp-content\/uploads\/2017\/09\/B_1179-K-400x258.jpg 400w, https:\/\/www.emrehotels.com\/wp-content\/uploads\/2017\/09\/B_1179-K-600x387.jpg 600w, https:\/\/www.emrehotels.com\/wp-content\/uploads\/2017\/09\/B_1179-K-800x516.jpg 800w, https:\/\/www.emrehotels.com\/wp-content\/uploads\/2017\/09\/B_1179-K-1200x774.jpg 1200w, https:\/\/www.emrehotels.com\/wp-content\/uploads\/2017\/09\/B_1179-K.jpg 1400w\" sizes=\"(min-width: 2200px) 100vw, (min-width: 712px) 784px, (min-width: 640px) 712px, \" \/><div class=\"fusion-rollover\">\n\t<div class=\"fusion-rollover-content\">\n\n\t\t\t\t\t\t\t\t\t\t\t\t\t\t<a class=\"fusion-rollover-link\" href=\"https:\/\/www.emrehotels.com\/tr\/portfolio-items\/standart-3-kisilik-oda\/?portfolioCats=33%2C34\">Standart 3 Ki\u015filik Oda<\/a>\n\t\t\t\n\t\t\t\t\t\t\t\t\n\t\t\n\t\t\t\t\t\t\t\t\t\t\t\t<h4 class=\"fusion-rollover-title\">\n\t\t\t\t\t<a class=\"fusion-rollover-title-link\" href=\"https:\/\/www.emrehotels.com\/tr\/portfolio-items\/standart-3-kisilik-oda\/?portfolioCats=33%2C34\">\n\t\t\t\t\t\tStandart 3 Ki\u015filik Oda\t\t\t\t\t<\/a>\n\t\t\t\t<\/h4>\n\t\t\t\n\t\t\t\t\t\t\t\t\t\t<div class=\"fusion-rollover-categories\"><a href=\"https:\/\/www.emrehotels.com\/tr\/portfolio_category\/beach-tr\/\" rel=\"tag\">Emre Beach<\/a><\/div>\t\t\t\t\t\n\t\t\n\t\t\t\t\t\t<a class=\"fusion-link-wrapper\" href=\"https:\/\/www.emrehotels.com\/tr\/portfolio-items\/standart-3-kisilik-oda\/?portfolioCats=33%2C34\" aria-label=\"Standart 3 Ki\u015filik Oda\"><\/a>\n\t<\/div>\n<\/div>\n<\/div>\n<div class=\"fusion-portfolio-content\" style=\"bottom:0px;left:0px;right:0px;background-color:rgba(255,255,255,0);z-index:1;position:absolute;margin:0;\"><h2 class=\"entry-title fusion-post-title\"><a href=\"https:\/\/www.emrehotels.com\/tr\/portfolio-items\/standart-3-kisilik-oda\/?portfolioCats=33%2C34\">Standart 3 Ki\u015filik Oda<\/a><\/h2><div class=\"fusion-portfolio-meta\"><a href=\"https:\/\/www.emrehotels.com\/tr\/portfolio_category\/beach-tr\/\" rel=\"tag\">Emre Beach<\/a><\/div><div class=\"fusion-post-content\"><\/div><\/div><\/div><\/article><article id=\"portfolio-1-post-1155\" class=\"fusion-portfolio-post beach-tr fusion-col-spacing post-1155 fusion-element-grid\"><div class=\"fusion-portfolio-content-wrapper\" style=\"border:1px solid #ebeaea;border-bottom-width:3px;\"><span class=\"vcard rich-snippet-hidden\"><span class=\"fn\"><a href=\"https:\/\/www.emrehotels.com\/tr\/author\/admin\/\" title=\"admin taraf\u0131ndan yaz\u0131lan yaz\u0131lar\" rel=\"author\">admin<\/a><\/span><\/span><span class=\"updated rich-snippet-hidden\">2020-12-24T22:25:16+00:00<\/span><div  class=\"fusion-masonry-element-container fusion-image-wrapper\" style=\"background-image:url(https:\/\/www.emrehotels.com\/wp-content\/uploads\/2017\/09\/B_1609-R.jpg);padding-top:calc((100% + 16px) * 0.8 - 10px);\" aria-haspopup=\"true\">\n\t\t\t\t<img decoding=\"async\" width=\"1400\" height=\"931\" src=\"https:\/\/www.emrehotels.com\/wp-content\/uploads\/2017\/09\/B_1609-R.jpg\" class=\"attachment-full size-full wp-post-image\" alt=\"\" srcset=\"https:\/\/www.emrehotels.com\/wp-content\/uploads\/2017\/09\/B_1609-R-200x133.jpg 200w, https:\/\/www.emrehotels.com\/wp-content\/uploads\/2017\/09\/B_1609-R-400x266.jpg 400w, https:\/\/www.emrehotels.com\/wp-content\/uploads\/2017\/09\/B_1609-R-600x399.jpg 600w, https:\/\/www.emrehotels.com\/wp-content\/uploads\/2017\/09\/B_1609-R-800x532.jpg 800w, https:\/\/www.emrehotels.com\/wp-content\/uploads\/2017\/09\/B_1609-R-1200x798.jpg 1200w, https:\/\/www.emrehotels.com\/wp-content\/uploads\/2017\/09\/B_1609-R.jpg 1400w\" sizes=\"(min-width: 2200px) 100vw, (min-width: 712px) 784px, (min-width: 640px) 712px, \" \/><div class=\"fusion-rollover\">\n\t<div class=\"fusion-rollover-content\">\n\n\t\t\t\t\t\t\t\t\t\t\t\t\t\t<a class=\"fusion-rollover-link\" href=\"https:\/\/www.emrehotels.com\/tr\/portfolio-items\/standart-cift-kisilik-oda\/?portfolioCats=33%2C34\">Standart \u00c7ift Ki\u015filik Oda<\/a>\n\t\t\t\n\t\t\t\t\t\t\t\t\n\t\t\n\t\t\t\t\t\t\t\t\t\t\t\t<h4 class=\"fusion-rollover-title\">\n\t\t\t\t\t<a class=\"fusion-rollover-title-link\" href=\"https:\/\/www.emrehotels.com\/tr\/portfolio-items\/standart-cift-kisilik-oda\/?portfolioCats=33%2C34\">\n\t\t\t\t\t\tStandart \u00c7ift Ki\u015filik Oda\t\t\t\t\t<\/a>\n\t\t\t\t<\/h4>\n\t\t\t\n\t\t\t\t\t\t\t\t\t\t<div class=\"fusion-rollover-categories\"><a href=\"https:\/\/www.emrehotels.com\/tr\/portfolio_category\/beach-tr\/\" rel=\"tag\">Emre Beach<\/a><\/div>\t\t\t\t\t\n\t\t\n\t\t\t\t\t\t<a class=\"fusion-link-wrapper\" href=\"https:\/\/www.emrehotels.com\/tr\/portfolio-items\/standart-cift-kisilik-oda\/?portfolioCats=33%2C34\" aria-label=\"Standart \u00c7ift Ki\u015filik Oda\"><\/a>\n\t<\/div>\n<\/div>\n<\/div>\n<div class=\"fusion-portfolio-content\" style=\"bottom:0px;left:0px;right:0px;background-color:rgba(255,255,255,0);z-index:1;position:absolute;margin:0;\"><h2 class=\"entry-title fusion-post-title\"><a href=\"https:\/\/www.emrehotels.com\/tr\/portfolio-items\/standart-cift-kisilik-oda\/?portfolioCats=33%2C34\">Standart \u00c7ift Ki\u015filik Oda<\/a><\/h2><div class=\"fusion-portfolio-meta\"><a href=\"https:\/\/www.emrehotels.com\/tr\/portfolio_category\/beach-tr\/\" rel=\"tag\">Emre Beach<\/a><\/div><div class=\"fusion-post-content\"><\/div><\/div><\/div><\/article><\/div><\/div><\/div><\/div><\/div><\/div>\n","protected":false},"excerpt":{"rendered":"","protected":false},"author":1,"featured_media":0,"parent":0,"menu_order":0,"comment_status":"closed","ping_status":"closed","template":"","meta":{"footnotes":""},"class_list":["post-1910","page","type-page","status-publish","hentry"],"_links":{"self":[{"href":"https:\/\/www.emrehotels.com\/tr\/wp-json\/wp\/v2\/pages\/1910","targetHints":{"allow":["GET"]}}],"collection":[{"href":"https:\/\/www.emrehotels.com\/tr\/wp-json\/wp\/v2\/pages"}],"about":[{"href":"https:\/\/www.emrehotels.com\/tr\/wp-json\/wp\/v2\/types\/page"}],"author":[{"embeddable":true,"href":"https:\/\/www.emrehotels.com\/tr\/wp-json\/wp\/v2\/users\/1"}],"replies":[{"embeddable":true,"href":"https:\/\/www.emrehotels.com\/tr\/wp-json\/wp\/v2\/comments?post=1910"}],"version-history":[{"count":7,"href":"https:\/\/www.emrehotels.com\/tr\/wp-json\/wp\/v2\/pages\/1910\/revisions"}],"predecessor-version":[{"id":2777,"href":"https:\/\/www.emrehotels.com\/tr\/wp-json\/wp\/v2\/pages\/1910\/revisions\/2777"}],"wp:attachment":[{"href":"https:\/\/www.emrehotels.com\/tr\/wp-json\/wp\/v2\/media?parent=1910"}],"curies":[{"name":"wp","href":"https:\/\/api.w.org\/{rel}","templated":true}]}}